{"id":2799,"date":"2024-11-04T15:09:07","date_gmt":"2024-11-04T14:09:07","guid":{"rendered":"https:\/\/www.max-suess.de\/?page_id=2799"},"modified":"2024-11-13T13:39:05","modified_gmt":"2024-11-13T12:39:05","slug":"pp-garn","status":"publish","type":"page","link":"https:\/\/www.max-suess.de\/en\/produkte\/pp-garn\/","title":{"rendered":"PP-Garn"},"content":{"rendered":"\t\t<div data-elementor-type=\"wp-page\" data-elementor-id=\"2799\" class=\"elementor elementor-2799\">\n\t\t\t\t<div class=\"elementor-element elementor-element-fce76eb e-flex e-con-boxed e-con e-parent\" data-id=\"fce76eb\" data-element_type=\"container\">\n\t\t\t\t\t<div class=\"e-con-inner\">\n\t\t\t\t<div class=\"elementor-element elementor-element-5fb307b elementor-widget elementor-widget-heading\" data-id=\"5fb307b\" data-element_type=\"widget\" data-widget_type=\"heading.default\">\n\t\t\t\t<div class=\"elementor-widget-container\">\n\t\t\t<h2 class=\"elementor-heading-title elementor-size-default\">Fibrillierte B\u00e4ndchen f\u00fcr eine perfekte Zwickelf\u00fcllung<\/h2>\t\t<\/div>\n\t\t\t\t<\/div>\n\t\t<div class=\"elementor-element elementor-element-4d1b21d e-con-full e-flex e-con e-child\" data-id=\"4d1b21d\" data-element_type=\"container\">\n\t\t<div class=\"elementor-element elementor-element-28e4869 e-con-full e-flex e-con e-child\" data-id=\"28e4869\" data-element_type=\"container\">\n\t\t\t\t<div class=\"elementor-element elementor-element-9d91ff1 elementor-widget__width-initial elementor-widget elementor-widget-text-editor\" data-id=\"9d91ff1\" data-element_type=\"widget\" data-widget_type=\"text-editor.default\">\n\t\t\t\t<div class=\"elementor-widget-container\">\n\t\t\t\t\t\t\t<div><div>Entdecken Sie unser hochwertiges PP-Garn, das aus gezwirnten oder ungezwirnten, fibrillierten B\u00e4ndchen hergestellt wird. Es bietet eine perfekte Zwickelf\u00fcllung f\u00fcr verschiedene Kabelanwendungen und sorgt f\u00fcr eine zuverl\u00e4ssige Leistung.<\/div><div>\u00a0<\/div><div>Unser PP-Garn ist in weicher oder harter Ausf\u00fchrung erh\u00e4ltlich und deckt Durchmesser von 0,5 mm bis 9,0 mm ab. Dank eines optimalen Zwirnverfahrens erhalten Sie eine runde, faserfreie Oberfl\u00e4che, die die Handhabung erleichtert und die Qualit\u00e4t erh\u00f6ht.<\/div><div>\u00a0<\/div><div>Wir gew\u00e4hrleisten eine knotenfreie Verarbeitung bei einer hohen Laufl\u00e4nge und Spulengewichte bis zu 24 kg. Unsere Garnl\u00f6sungen werden auf Kabeltrommeln mit sehr hoher Laufl\u00e4nge geliefert, um Ihre Produktionsprozesse effizient zu unterst\u00fctzen.<\/div><div>\u00a0<\/div><div>Auf Wunsch bieten wir zudem flammhemmende und halogenfreie Ausf\u00fchrungen an. Vertrauen Sie auf unser PP-Garn f\u00fcr eine optimale F\u00fcllung und eine zuverl\u00e4ssige Leistung in Ihren Kabelanwendungen!<\/div><\/div>\t\t\t\t\t\t<\/div>\n\t\t\t\t<\/div>\n\t\t\t\t<div class=\"elementor-element elementor-element-01467ce elementor-widget elementor-widget-image\" data-id=\"01467ce\" data-element_type=\"widget\" data-widget_type=\"image.default\">\n\t\t\t\t<div class=\"elementor-widget-container\">\n\t\t\t\t\t\t\t\t\t\t\t\t\t<img fetchpriority=\"high\" decoding=\"async\" width=\"783\" height=\"534\" src=\"https:\/\/www.max-suess.de\/wp-content\/uploads\/2024\/11\/2-1024x698.webp\" class=\"attachment-large size-large wp-image-3131\" alt=\"\" srcset=\"https:\/\/www.max-suess.de\/wp-content\/uploads\/2024\/11\/2-1024x698.webp 1024w, https:\/\/www.max-suess.de\/wp-content\/uploads\/2024\/11\/2-300x204.webp 300w, https:\/\/www.max-suess.de\/wp-content\/uploads\/2024\/11\/2-768x523.webp 768w, https:\/\/www.max-suess.de\/wp-content\/uploads\/2024\/11\/2.webp 1186w\" sizes=\"(max-width: 783px) 100vw, 783px\" \/>\t\t\t\t\t\t\t\t\t\t\t\t\t<\/div>\n\t\t\t\t<\/div>\n\t\t\t\t<\/div>\n\t\t<div class=\"elementor-element elementor-element-c442e82 e-con-full e-flex e-con e-child\" data-id=\"c442e82\" data-element_type=\"container\">\n\t\t\t\t<div class=\"elementor-element elementor-element-9ff7938 elementor-widget elementor-widget-html\" data-id=\"9ff7938\" data-element_type=\"widget\" data-widget_type=\"html.default\">\n\t\t\t\t<div class=\"elementor-widget-container\">\n\t\t\t<style>\r\n    table{\r\n        border: none;\r\n    }\r\n\r\n    table#specs tbody>tr:nth-child(odd){\r\n        background-color: #ffffff;\r\n        \r\n    }\r\n\r\n    table#specs tbody>tr:nth-child(even){\r\n        background-color: #ECEDED;\r\n    }\r\n<\/style>\r\n<h3 style=\"margin: 0px 0px 0px 0px; padding-left: 1rem; background-color: #C3AE00; color: white;\">PP-F\u00fcllgarn gezwirnt (technische Daten)*<\/h3>\r\n<div style=\"overflow-x: auto\">\r\n    <table id=\"specs\" cellspacing=\"0\" cellpadding=\"2\" style=\"margin: 0px\">\r\n        <thead style=\"background-color: #FAF8EA;\">\r\n            <th style=\"text-align: center;\"><\/th>\r\n            <th style=\"text-align: center;\">Einheit<\/th>\r\n            <th style=\"text-align: center;\"> 0,7 mm<\/th>\r\n            <th style=\"text-align: center;\"> 1,5 mm<\/th>\r\n            <th style=\"text-align: center;\"> 2,0 mm<\/th>\r\n            <th style=\"text-align: center;\"> 3,0 mm<\/th>\r\n            <th style=\"text-align: center;\"> 4,0 mm<\/th>\r\n            <th style=\"text-align: center;\"> 5,0 mm<\/th>\r\n            <th style=\"text-align: center;\"> 5,5 mm<\/th>\r\n            <th style=\"text-align: center;\"> 6,0 mm<\/th>\r\n        <\/thead>\r\n        <tbody>\r\n            <tr>\r\n                <td style=\"padding-left: 1rem;\"><b>Metergewicht<\/b><\/td>\r\n                <td style=\"text-align: center;\">g\/m<\/td>\r\n                <td style=\"text-align: center;\">0,42<\/td>\r\n                <td style=\"text-align: center;\">1,2<\/td>\r\n                <td style=\"text-align: center;\">2,0<\/td>\r\n                <td style=\"text-align: center;\">3,63<\/td>\r\n                <td style=\"text-align: center;\">7,0<\/td>\r\n                <td style=\"text-align: center;\">10,0<\/td>\r\n                <td style=\"text-align: center;\">12<\/td>\r\n                <td style=\"text-align: center;\">16<\/td>\r\n            <\/tr>\r\n            <tr>\r\n                <td style=\"padding-left: 1rem;\"><b>Laufl\u00e4nge<\/b><\/td>\r\n                <td style=\"text-align: center;\">m\/kg<\/td>\r\n                <td style=\"text-align: center;\">2380<\/td>\r\n                <td style=\"text-align: center;\">833<\/td>\r\n                <td style=\"text-align: center;\">500<\/td>\r\n                <td style=\"text-align: center;\">275<\/td>\r\n                <td style=\"text-align: center;\">142<\/td>\r\n                <td style=\"text-align: center;\">100<\/td>\r\n                <td style=\"text-align: center;\">83<\/td>\r\n                <td style=\"text-align: center;\">62<\/td>\r\n            <\/tr>\r\n            <tr>\r\n                <td style=\"padding-left: 1rem;\"><b>Reisskraft<\/b><\/td>\r\n                <td style=\"text-align: center;\">N<\/td>\r\n                <td style=\"text-align: center;\">100<\/td>\r\n                <td style=\"text-align: center;\">410<\/td>\r\n                <td style=\"text-align: center;\">690<\/td>\r\n                <td style=\"text-align: center;\">1300<\/td>\r\n                <td style=\"text-align: center;\">2650<\/td>\r\n                <td style=\"text-align: center;\">3650<\/td>\r\n                <td style=\"text-align: center;\">4500<\/td>\r\n                <td style=\"text-align: center;\">6000<\/td>\r\n            <\/tr>\r\n            <tr>\r\n                <td style=\"padding-left: 1rem;\"><b>Bruchdehnung<\/b><\/td>\r\n                <td style=\"text-align: center;\">%<\/td>\r\n                <td style=\"text-align: center;\">10<\/td>\r\n                <td style=\"text-align: center;\">6<\/td>\r\n                <td style=\"text-align: center;\">6<\/td>\r\n                <td style=\"text-align: center;\">6<\/td>\r\n                <td style=\"text-align: center;\">6<\/td>\r\n                <td style=\"text-align: center;\">6<\/td>\r\n                <td style=\"text-align: center;\">6<\/td>\r\n                <td style=\"text-align: center;\">7<\/td>\r\n            <\/tr>\r\n        <\/tbody>\r\n    <\/table>\r\n<\/div>\r\n<i>*\"s\"- oder \"z\" Drehung | Erweichungspunkt liegt bei 150\u00b0C - Schmelzpunkt bei 160\u00b0C<\/i>\t\t<\/div>\n\t\t\t\t<\/div>\n\t\t<div class=\"elementor-element elementor-element-2be044e e-con-full e-flex e-con e-child\" data-id=\"2be044e\" data-element_type=\"container\">\n\t\t\t\t<div class=\"elementor-element elementor-element-9ac8a45 elementor-widget elementor-widget-html\" data-id=\"9ac8a45\" data-element_type=\"widget\" data-widget_type=\"html.default\">\n\t\t\t\t<div class=\"elementor-widget-container\">\n\t\t\t<style>\r\n    table{\r\n        border: none;\r\n    }\r\n\r\n    tbody>tr{\r\n        background-color: #ffffff;\r\n        \r\n    }\r\n\r\n<\/style>\r\n<h3 style=\"margin: 0px 0px 0px 0px; padding-left: 1rem; background-color: #C3AE00; color: white;\">Standard Spulen- und H\u00fclsenspezifikation<\/h3>\r\n<table cellspacing=\"0\" cellpadding=\"2\" style=\"margin: 0px\">\r\n    <tbody>\r\n        <tr>\r\n            <td style=\"padding-left: 1rem; width: 70px;\">\r\n                <img decoding=\"async\" src=\"https:\/\/www.max-suess.de\/wp-content\/uploads\/2024\/11\/zylindrisch.png\" alt=\"\" width=\"48px\" height=\"48px\">\r\n            <\/td>\r\n            <td style=\"text-align: center;\">zylindrisch<\/td>\r\n            <td style=\"text-align: center;\">4-24 kg<\/td>\r\n            <td style=\"text-align: center;\">ID 90 mm<\/td>\r\n            <td style=\"text-align: center;\">L 300 mm \/ 405 mm<\/td>\r\n        <\/tr>\r\n        <tr>\r\n            <td style=\"padding-left: 1rem; width: 70px;\">\r\n                                                <img decoding=\"async\" src=\"https:\/\/www.max-suess.de\/wp-content\/uploads\/2024\/11\/trommel.png\" alt=\"\" width=\"48px\" height=\"48px\">\r\n\r\n            <\/td>\r\n            <td style=\"text-align: center;\">Trommel<\/td>\r\n            <td style=\"text-align: center;\">25 - 120 kg<\/td>\r\n            <td style=\"text-align: center;\">diverse Trommelabmessungen<\/td>\r\n            <td style=\"text-align: center;\"><\/td>\r\n        <\/tr>\r\n\r\n    <\/tbody>\r\n<\/table>\r\n\t\t<\/div>\n\t\t\t\t<\/div>\n\t\t\t\t<\/div>\n\t\t\t\t<\/div>\n\t\t\t\t<\/div>\n\t\t\t\t\t<\/div>\n\t\t\t\t<\/div>\n\t\t\t\t<\/div>\n\t\t","protected":false},"excerpt":{"rendered":"<p>PP F\u00fcller f\u00fcr eine perfekte Zwickelf\u00fcllung im Kabel<\/p>\n","protected":false},"author":3,"featured_media":2807,"parent":54,"menu_order":1,"comment_status":"closed","ping_status":"closed","template":"page-templates\/template-portfolio.php","meta":{"footnotes":""},"class_list":["post-2799","page","type-page","status-publish","has-post-thumbnail","hentry"],"aioseo_notices":[],"_links":{"self":[{"href":"https:\/\/www.max-suess.de\/en\/wp-json\/wp\/v2\/pages\/2799"}],"collection":[{"href":"https:\/\/www.max-suess.de\/en\/wp-json\/wp\/v2\/pages"}],"about":[{"href":"https:\/\/www.max-suess.de\/en\/wp-json\/wp\/v2\/types\/page"}],"author":[{"embeddable":true,"href":"https:\/\/www.max-suess.de\/en\/wp-json\/wp\/v2\/users\/3"}],"replies":[{"embeddable":true,"href":"https:\/\/www.max-suess.de\/en\/wp-json\/wp\/v2\/comments?post=2799"}],"version-history":[{"count":10,"href":"https:\/\/www.max-suess.de\/en\/wp-json\/wp\/v2\/pages\/2799\/revisions"}],"predecessor-version":[{"id":3192,"href":"https:\/\/www.max-suess.de\/en\/wp-json\/wp\/v2\/pages\/2799\/revisions\/3192"}],"up":[{"embeddable":true,"href":"https:\/\/www.max-suess.de\/en\/wp-json\/wp\/v2\/pages\/54"}],"wp:featuredmedia":[{"embeddable":true,"href":"https:\/\/www.max-suess.de\/en\/wp-json\/wp\/v2\/media\/2807"}],"wp:attachment":[{"href":"https:\/\/www.max-suess.de\/en\/wp-json\/wp\/v2\/media?parent=2799"}],"curies":[{"name":"wp","href":"https:\/\/api.w.org\/{rel}","templated":true}]}}