{"id":2673,"date":"2024-05-16T14:14:49","date_gmt":"2024-05-16T12:14:49","guid":{"rendered":"https:\/\/www.max-suess.de\/?page_id=2673"},"modified":"2024-11-07T16:14:01","modified_gmt":"2024-11-07T15:14:01","slug":"karriere","status":"publish","type":"page","link":"https:\/\/www.max-suess.de\/en\/karriere\/","title":{"rendered":"job"},"content":{"rendered":"\t\t<div data-elementor-type=\"wp-page\" data-elementor-id=\"2673\" class=\"elementor elementor-2673\">\n\t\t\t\t<div class=\"elementor-element elementor-element-c136a03 e-flex e-con-boxed e-con e-parent\" data-id=\"c136a03\" data-element_type=\"container\">\n\t\t\t\t\t<div class=\"e-con-inner\">\n\t\t\t\t<div class=\"elementor-element elementor-element-ca2c8a9 elementor-widget elementor-widget-heading\" data-id=\"ca2c8a9\" data-element_type=\"widget\" data-widget_type=\"heading.default\">\n\t\t\t\t<div class=\"elementor-widget-container\">\n\t\t\t<h2 class=\"elementor-heading-title elementor-size-default\">Karriere<\/h2>\t\t<\/div>\n\t\t\t\t<\/div>\n\t\t<div class=\"elementor-element elementor-element-e02653d e-con-full e-flex e-con e-child\" data-id=\"e02653d\" data-element_type=\"container\">\n\t\t\t\t<div class=\"elementor-element elementor-element-f5d76fb elementor-widget elementor-widget-text-editor\" data-id=\"f5d76fb\" data-element_type=\"widget\" data-widget_type=\"text-editor.default\">\n\t\t\t\t<div class=\"elementor-widget-container\">\n\t\t\t\t\t\t\t<p>Willkommen bei Max S\u00fcss, einem f\u00fchrenden Unternehmen in der Kabelindustrie! Mit hochwertigen Produkten \u201eMade in Germany\u201c beliefern wir weltweit unsere Kunden mit F\u00fcllgarnen, Rei\u00dff\u00e4den und technischen Zwirnen. Unser Standort in Sehmatal-Cranzahl im Erzgebirge ist das Herz unserer Leidenschaft f\u00fcr Garne und Zwirne.<\/p><p>Wenn Sie Teil eines dynamischen Teams werden m\u00f6chten, das Innovation und Tradition verbindet, dann sind Sie bei Max S\u00fcss genau richtig. Wir suchen leidenschaftliche Mitarbeiter, die mit uns die Zukunft der Kabelindustrie gestalten m\u00f6chten. Bewerben Sie sich jetzt und bringen Sie Ihre Karriere auf das n\u00e4chste Level!<\/p><p>Zur Verst\u00e4rkung unseres Teams suchen wir:<\/p>\t\t\t\t\t\t<\/div>\n\t\t\t\t<\/div>\n\t\t\t\t<\/div>\n\t\t\t\t\t<\/div>\n\t\t\t\t<\/div>\n\t\t<div class=\"elementor-element elementor-element-3b4229c e-flex e-con-boxed e-con e-parent\" data-id=\"3b4229c\" data-element_type=\"container\">\n\t\t\t\t\t<div class=\"e-con-inner\">\n\t\t\t\t<div class=\"elementor-element elementor-element-fedfedc elementor-widget elementor-widget-heading\" data-id=\"fedfedc\" data-element_type=\"widget\" data-widget_type=\"heading.default\">\n\t\t\t\t<div class=\"elementor-widget-container\">\n\t\t\t<h2 class=\"elementor-heading-title elementor-size-default\">Mitarbeiter (m\/w\/d) in der Produktion zur Bedienung unserer Zwirn- und Spulmaschinen.\u00a0<\/h2>\t\t<\/div>\n\t\t\t\t<\/div>\n\t\t\t\t\t<\/div>\n\t\t\t\t<\/div>\n\t\t<div class=\"elementor-element elementor-element-4b32a6c e-flex e-con-boxed e-con e-parent\" data-id=\"4b32a6c\" data-element_type=\"container\">\n\t\t\t\t\t<div class=\"e-con-inner\">\n\t\t\t\t<div class=\"elementor-element elementor-element-affe34d elementor-widget__width-initial elementor-widget elementor-widget-image\" data-id=\"affe34d\" data-element_type=\"widget\" data-widget_type=\"image.default\">\n\t\t\t\t<div class=\"elementor-widget-container\">\n\t\t\t\t\t\t\t\t\t\t\t\t\t<img fetchpriority=\"high\" decoding=\"async\" width=\"783\" height=\"521\" src=\"https:\/\/www.max-suess.de\/wp-content\/uploads\/2024\/11\/DSC06167-1024x682.webp\" class=\"attachment-large size-large wp-image-2941\" alt=\"\" srcset=\"https:\/\/www.max-suess.de\/wp-content\/uploads\/2024\/11\/DSC06167-1024x682.webp 1024w, https:\/\/www.max-suess.de\/wp-content\/uploads\/2024\/11\/DSC06167-300x200.webp 300w, https:\/\/www.max-suess.de\/wp-content\/uploads\/2024\/11\/DSC06167-768x512.webp 768w, https:\/\/www.max-suess.de\/wp-content\/uploads\/2024\/11\/DSC06167-1536x1024.webp 1536w, https:\/\/www.max-suess.de\/wp-content\/uploads\/2024\/11\/DSC06167.webp 2000w\" sizes=\"(max-width: 783px) 100vw, 783px\" \/>\t\t\t\t\t\t\t\t\t\t\t\t\t<\/div>\n\t\t\t\t<\/div>\n\t\t\t\t\t<\/div>\n\t\t\t\t<\/div>\n\t\t<div class=\"elementor-element elementor-element-165228b e-flex e-con-boxed e-con e-parent\" data-id=\"165228b\" data-element_type=\"container\">\n\t\t\t\t\t<div class=\"e-con-inner\">\n\t\t\t\t<div class=\"elementor-element elementor-element-098db75 elementor-widget elementor-widget-text-editor\" data-id=\"098db75\" data-element_type=\"widget\" data-widget_type=\"text-editor.default\">\n\t\t\t\t<div class=\"elementor-widget-container\">\n\t\t\t\t\t\t\t<b>Sie bringen mit:<\/b>\n<ul>\n<li>Einsatzbereitschaft + Verantwortungsbewusstsein <\/li>\n<li>Teamf\u00e4higkeit + Zuverl\u00e4ssigkeit <\/li>\n<li>Belastbarkeit <\/li>\n<li>Fingerfertigkeit im Umgang mit feinen Garnen <\/li>\n<li>Kenntnisse in der Textilverarbeitung (Fachkraft) sind von Vorteil, aber nicht Bedingung <\/li>\n<li>Bereitschaft zur Arbeit im 3-Schicht-System von Montag bis Freitag<\/li>\n<\/ul>\t\t\t\t\t\t<\/div>\n\t\t\t\t<\/div>\n\t\t\t\t\t<\/div>\n\t\t\t\t<\/div>\n\t\t<div class=\"elementor-element elementor-element-90cef85 e-flex e-con-boxed e-con e-parent\" data-id=\"90cef85\" data-element_type=\"container\">\n\t\t\t\t\t<div class=\"e-con-inner\">\n\t\t\t\t<div class=\"elementor-element elementor-element-f53f5ba elementor-widget__width-initial elementor-widget elementor-widget-image\" data-id=\"f53f5ba\" data-element_type=\"widget\" data-widget_type=\"image.default\">\n\t\t\t\t<div class=\"elementor-widget-container\">\n\t\t\t\t\t\t\t\t\t\t\t\t\t<img decoding=\"async\" width=\"783\" height=\"521\" src=\"https:\/\/www.max-suess.de\/wp-content\/uploads\/2024\/11\/DSC03092-1024x682.webp\" class=\"attachment-large size-large wp-image-2943\" alt=\"\" srcset=\"https:\/\/www.max-suess.de\/wp-content\/uploads\/2024\/11\/DSC03092-1024x682.webp 1024w, https:\/\/www.max-suess.de\/wp-content\/uploads\/2024\/11\/DSC03092-300x200.webp 300w, https:\/\/www.max-suess.de\/wp-content\/uploads\/2024\/11\/DSC03092-768x512.webp 768w, https:\/\/www.max-suess.de\/wp-content\/uploads\/2024\/11\/DSC03092-1536x1024.webp 1536w, https:\/\/www.max-suess.de\/wp-content\/uploads\/2024\/11\/DSC03092.webp 2000w\" sizes=\"(max-width: 783px) 100vw, 783px\" \/>\t\t\t\t\t\t\t\t\t\t\t\t\t<\/div>\n\t\t\t\t<\/div>\n\t\t\t\t\t<\/div>\n\t\t\t\t<\/div>\n\t\t<div class=\"elementor-element elementor-element-07ea5cc e-flex e-con-boxed e-con e-parent\" data-id=\"07ea5cc\" data-element_type=\"container\">\n\t\t\t\t\t<div class=\"e-con-inner\">\n\t\t\t\t<div class=\"elementor-element elementor-element-7346432 elementor-widget elementor-widget-text-editor\" data-id=\"7346432\" data-element_type=\"widget\" data-widget_type=\"text-editor.default\">\n\t\t\t\t<div class=\"elementor-widget-container\">\n\t\t\t\t\t\t\t<b>Ihre Aufgaben:<\/b>\n<ul>\n<li>Bedienung und Best\u00fcckung von Zwirn- und Spulmaschinen<\/li>\n<li>Qualit\u00e4tskontrolle der gefertigten Produkte im laufenden Betrieb mit unserer QS<\/li>\n<li>Pflege und Reinigung der Ihnen anvertrauten Maschinen<\/li>\n<\/ul>\t\t\t\t\t\t<\/div>\n\t\t\t\t<\/div>\n\t\t\t\t\t<\/div>\n\t\t\t\t<\/div>\n\t\t<div class=\"elementor-element elementor-element-92f465c e-flex e-con-boxed e-con e-parent\" data-id=\"92f465c\" data-element_type=\"container\">\n\t\t\t\t\t<div class=\"e-con-inner\">\n\t\t\t\t<div class=\"elementor-element elementor-element-7694932 elementor-widget__width-initial elementor-widget elementor-widget-image\" data-id=\"7694932\" data-element_type=\"widget\" data-widget_type=\"image.default\">\n\t\t\t\t<div class=\"elementor-widget-container\">\n\t\t\t\t\t\t\t\t\t\t\t\t\t<img decoding=\"async\" width=\"783\" height=\"521\" src=\"https:\/\/www.max-suess.de\/wp-content\/uploads\/2024\/11\/DSC03255-1024x682.webp\" class=\"attachment-large size-large wp-image-2944\" alt=\"\" srcset=\"https:\/\/www.max-suess.de\/wp-content\/uploads\/2024\/11\/DSC03255-1024x682.webp 1024w, https:\/\/www.max-suess.de\/wp-content\/uploads\/2024\/11\/DSC03255-300x200.webp 300w, https:\/\/www.max-suess.de\/wp-content\/uploads\/2024\/11\/DSC03255-768x512.webp 768w, https:\/\/www.max-suess.de\/wp-content\/uploads\/2024\/11\/DSC03255-1536x1024.webp 1536w, https:\/\/www.max-suess.de\/wp-content\/uploads\/2024\/11\/DSC03255.webp 2000w\" sizes=\"(max-width: 783px) 100vw, 783px\" \/>\t\t\t\t\t\t\t\t\t\t\t\t\t<\/div>\n\t\t\t\t<\/div>\n\t\t\t\t\t<\/div>\n\t\t\t\t<\/div>\n\t\t<div class=\"elementor-element elementor-element-9d159b9 e-flex e-con-boxed e-con e-parent\" data-id=\"9d159b9\" data-element_type=\"container\">\n\t\t\t\t\t<div class=\"e-con-inner\">\n\t\t\t\t<div class=\"elementor-element elementor-element-1fe97b1 elementor-widget elementor-widget-text-editor\" data-id=\"1fe97b1\" data-element_type=\"widget\" data-widget_type=\"text-editor.default\">\n\t\t\t\t<div class=\"elementor-widget-container\">\n\t\t\t\t\t\t\t<b>Unser Angebot<\/b>\n<ul>\n<li>Ein sicherer und zukunftsf\u00e4higer Arbeitsplatz<\/li> \n<li>Leistungsorientierte Entlohnung<\/li> \n<li>Zuschuss (50%) zur betrieblichen Altersvorsorge<\/li> \n<li>E-Bike Leasing<\/li> \n<li>\u2026 und weitere Verg\u00fcnstigungen, die wir gern vor Ort besprechen k\u00f6nnen.<\/li> \n\n<\/ul>\t\t\t\t\t\t<\/div>\n\t\t\t\t<\/div>\n\t\t\t\t\t<\/div>\n\t\t\t\t<\/div>\n\t\t<div class=\"elementor-element elementor-element-ced63c6 e-flex e-con-boxed e-con e-parent\" data-id=\"ced63c6\" data-element_type=\"container\">\n\t\t\t\t\t<div class=\"e-con-inner\">\n\t\t\t\t<div class=\"elementor-element elementor-element-25fcc14 elementor-widget elementor-widget-heading\" data-id=\"25fcc14\" data-element_type=\"widget\" data-widget_type=\"heading.default\">\n\t\t\t\t<div class=\"elementor-widget-container\">\n\t\t\t<h2 class=\"elementor-heading-title elementor-size-default\">Bewerben Sie sich schnell und unkompliziert \u00fcber das Kontaktformular.<\/h2>\t\t<\/div>\n\t\t\t\t<\/div>\n\t\t\t\t<div class=\"elementor-element elementor-element-4ae3ba1 elementor-widget elementor-widget-html\" data-id=\"4ae3ba1\" data-element_type=\"widget\" data-widget_type=\"html.default\">\n\t\t\t\t<div class=\"elementor-widget-container\">\n\t\t\t<style>\n    .wpcf7-list-item{\n        margin: 0;\n    }\n    \n    .wpcf7-tel{\n        color: #666666;\n        border: 1px solid #cccccc;\n        height: 36px;\n        width: 100%;\n        -webkit-appearance: none;\n    }\n    \n.wpcf7 form.sent .wpcf7-response-output {\n\tmargin: 0;\n\twidth: 100%;\n\tbackground-color: #C3AE00;\n\tborder-color: #C3AE00;\n\tcolor: #FFFFFF;\n}\n<\/style>\t\t<\/div>\n\t\t\t\t<\/div>\n\t\t\t\t<div class=\"elementor-element elementor-element-7d94eb7 elementor-widget elementor-widget-shortcode\" data-id=\"7d94eb7\" data-element_type=\"widget\" data-widget_type=\"shortcode.default\">\n\t\t\t\t<div class=\"elementor-widget-container\">\n\t\t\t\t\t<div class=\"elementor-shortcode\">\n<div class=\"wpcf7 no-js\" id=\"wpcf7-f2949-o1\" lang=\"de-DE\" dir=\"ltr\" data-wpcf7-id=\"2949\">\n<div class=\"screen-reader-response\"><p role=\"status\" aria-live=\"polite\" aria-atomic=\"true\"><\/p> <ul><\/ul><\/div>\n<form action=\"\/en\/wp-json\/wp\/v2\/pages\/2673#wpcf7-f2949-o1\" method=\"post\" class=\"wpcf7-form init\" aria-label=\"Kontaktformular\" novalidate=\"novalidate\" data-status=\"init\">\n<div style=\"display: none;\">\n<input type=\"hidden\" name=\"_wpcf7\" value=\"2949\" \/>\n<input type=\"hidden\" name=\"_wpcf7_version\" value=\"6.0.6\" \/>\n<input type=\"hidden\" name=\"_wpcf7_locale\" value=\"de_DE\" \/>\n<input type=\"hidden\" name=\"_wpcf7_unit_tag\" value=\"wpcf7-f2949-o1\" \/>\n<input type=\"hidden\" name=\"_wpcf7_container_post\" value=\"0\" \/>\n<input type=\"hidden\" name=\"_wpcf7_posted_data_hash\" value=\"\" \/>\n<input type=\"hidden\" name=\"_wpcf7_recaptcha_response\" value=\"\" \/>\n<\/div>\n<p><label> Vor- und Nachname<br \/>\n<span class=\"wpcf7-form-control-wrap\" data-name=\"your-name\"><input size=\"40\" maxlength=\"400\" class=\"wpcf7-form-control wpcf7-text wpcf7-validates-as-required\" autocomplete=\"name\" aria-required=\"true\" aria-invalid=\"false\" value=\"\" type=\"text\" name=\"your-name\" \/><\/span> <\/label>\n<\/p>\n<p><label> E-Mail-Adresse<br \/>\n<span class=\"wpcf7-form-control-wrap\" data-name=\"your-email\"><input size=\"40\" maxlength=\"400\" class=\"wpcf7-form-control wpcf7-email wpcf7-validates-as-required wpcf7-text wpcf7-validates-as-email\" autocomplete=\"email\" aria-required=\"true\" aria-invalid=\"false\" value=\"\" type=\"email\" name=\"your-email\" \/><\/span> <\/label>\n<\/p>\n<p><label> Telefon-\/Handynummer<br \/>\n<span class=\"wpcf7-form-control-wrap\" data-name=\"tel-275\"><input size=\"40\" maxlength=\"400\" class=\"wpcf7-form-control wpcf7-tel wpcf7-text wpcf7-validates-as-tel\" aria-invalid=\"false\" value=\"\" type=\"tel\" name=\"tel-275\" \/><\/span> <\/label>\n<\/p>\n<p><label> Ihre Nachricht<br \/>\n<span class=\"wpcf7-form-control-wrap\" data-name=\"textarea-51\"><textarea cols=\"40\" rows=\"10\" maxlength=\"2000\" class=\"wpcf7-form-control wpcf7-textarea wpcf7-validates-as-required\" aria-required=\"true\" aria-invalid=\"false\" name=\"textarea-51\"><\/textarea><\/span> <\/label>\n<\/p>\n<p><span class=\"wpcf7-form-control-wrap\" data-name=\"acceptance-200\"><span class=\"wpcf7-form-control wpcf7-acceptance\"><span class=\"wpcf7-list-item\"><label><input type=\"checkbox\" name=\"acceptance-200\" value=\"1\" aria-invalid=\"false\" \/><span class=\"wpcf7-list-item-label\">Ich habe die <a href=\"https:\/\/www.max-suess.de\/de\/datenschutzerklaerung\/\">Datenschutzerkl\u00e4rung<\/a> gelesen und stimme der Verarbeitung meiner pers\u00f6nlichen Daten zu.<\/span><\/label><\/span><\/span><\/span>\n<\/p>\n<p><input class=\"wpcf7-form-control wpcf7-submit has-spinner\" type=\"submit\" value=\"Senden\" \/>\n<\/p><div class=\"wpcf7-response-output\" aria-hidden=\"true\"><\/div>\n<\/form>\n<\/div>\n<\/div>\n\t\t\t\t<\/div>\n\t\t\t\t<\/div>\n\t\t\t\t\t<\/div>\n\t\t\t\t<\/div>\n\t\t\t\t<\/div>\n\t\t","protected":false},"excerpt":{"rendered":"<p>Karriere Willkommen bei Max S\u00fcss, einem f\u00fchrenden Unternehmen in der Kabelindustrie! Mit hochwertigen Produkten \u201eMade in Germany\u201c beliefern wir weltweit unsere Kunden mit F\u00fcllgarnen, Rei\u00dff\u00e4den<\/p>\n","protected":false},"author":3,"featured_media":0,"parent":0,"menu_order":0,"comment_status":"closed","ping_status":"closed","template":"","meta":{"footnotes":""},"class_list":["post-2673","page","type-page","status-publish","hentry"],"aioseo_notices":[],"_links":{"self":[{"href":"https:\/\/www.max-suess.de\/en\/wp-json\/wp\/v2\/pages\/2673"}],"collection":[{"href":"https:\/\/www.max-suess.de\/en\/wp-json\/wp\/v2\/pages"}],"about":[{"href":"https:\/\/www.max-suess.de\/en\/wp-json\/wp\/v2\/types\/page"}],"author":[{"embeddable":true,"href":"https:\/\/www.max-suess.de\/en\/wp-json\/wp\/v2\/users\/3"}],"replies":[{"embeddable":true,"href":"https:\/\/www.max-suess.de\/en\/wp-json\/wp\/v2\/comments?post=2673"}],"version-history":[{"count":10,"href":"https:\/\/www.max-suess.de\/en\/wp-json\/wp\/v2\/pages\/2673\/revisions"}],"predecessor-version":[{"id":3162,"href":"https:\/\/www.max-suess.de\/en\/wp-json\/wp\/v2\/pages\/2673\/revisions\/3162"}],"wp:attachment":[{"href":"https:\/\/www.max-suess.de\/en\/wp-json\/wp\/v2\/media?parent=2673"}],"curies":[{"name":"wp","href":"https:\/\/api.w.org\/{rel}","templated":true}]}}