{"id":88,"date":"2014-03-27T11:34:23","date_gmt":"2014-03-27T11:34:23","guid":{"rendered":"http:\/\/www.templateexpress.com\/discoverypro\/?page_id=88"},"modified":"2017-12-07T09:54:07","modified_gmt":"2017-12-07T08:54:07","slug":"ueberuns","status":"publish","type":"page","link":"https:\/\/www.max-suess.de\/de\/ueberuns\/","title":{"rendered":"\u00dcber uns"},"content":{"rendered":"<p><\/p>\n<h3><span style=\"color: #cbc77b;\">SPEZIALIST F\u00dcR KABELROHSTOFFE<br \/>\n<\/span><\/h3>\n<p>Schmitz Industrievertretungen vertreibt spezielle Produkte, f\u00fcr die Herstellung von Kabeln und Leitungen.<br \/>\nAls reine Handelsvertretung begann Herbert Schmitz 1989 mit dem Vertrieb von Abschirmfolien und Kabelgarnen. \u00dcber die Jahre wurden steti g weitere Produkte ins Programm aufgenommen \u2013 der Einsatz im Kabel dabei stets im Fokus.<br \/>\nIm Jahr 2012 wurde mit dem Einsti eg von Sohn Christopher Schmitz in die Firma eine oHG, off ene Handelsgesellschaft ,gegr\u00fcndet. Seitdem hat sich der T\u00e4ti gkeitsschwerpunkt vom reinen Vertretungsgesch\u00e4ft auf den Handel verlagert.<br \/>\nSeit dem Umzug in die neuen B\u00fcror\u00e4ume in Erft stadt, eine Stadt des Rhein-Erft -Kreises direkt vor den Toren K\u00f6lns, steht ein eigenes Lager zur Verf\u00fcgung. Ein Gro\u00dfteil des Handelsgesch\u00e4ft<br \/>\nes wird hier\u00fcber abgewickelt indem f\u00fcr viele Kunden vorkonfekti onierte Ware bevorratet und zeitnah ausgeliefert wird.<br \/>\nDie Konzentration von Schmitz Industrievertretungen liegt auf der Zusammenarbeit mit kleinen und mittelst\u00e4ndischen Fertigungsunternehmen aus dem In- und Ausland, die in ihren jeweiligen Bereichen einen Schwerpunkt auf Produkte legen, die in der Kabelindustrie ben\u00f6ti gt werden.<br \/>\nAber auch gro\u00dfe Unternehmen, mit einem umfangreichen Produktprogramm, arbeiten mit Schmitz Industrievertretungen zusammen, wenn es um den Vertrieb von speziellen Fertigungsmaterialien f\u00fcr die Kabelproduzierende Industrie geht.<br \/>\nVon Folien, B\u00e4ndern, Garnen, Gewebeb\u00e4ndern, Dr\u00e4hten, GFK-Elementen und Compounds bis hin zu Werkzeugen deckt Schmitz Industrievertretungen mit ihren Partner-Unternehmen ein\u00a0 umfangreiches Produktportfolio an &#8222;cable materials&#8220; f\u00fcr die Kabelherstellung ab.<br \/>\nSchmitz Industrievertretungen arbeitet mit f\u00fchrenden Herstellern aus Deutschland, Italien, Frankreich, Spanien, T\u00fcrkei, England und China zusammen und vertreibt deren Produkte auf dem mitt eleurop\u00e4ischen Markt.<\/p>\n<p><span style=\"color: #ffffff;\">.<\/span><\/p>\n<h3><span style=\"color: #cbc77b;\">MISSION<\/span><\/h3>\n<p>Unser Kerngesch\u00e4ft gilt dem Vertrieb von Rohstoffen und Hilfsmitteln, die f\u00fcr die Herstellung\u00a0 von Kabel aller Art ben\u00f6tigt werden.<br \/>\nVon F<strong>olien, B\u00e4nder, Garne, Gewebeb\u00e4nder, Dr\u00e4hte, GFK- Elemente<\/strong> bis hin zu Werkzeugen, decken wir mit unseren Partner-Unternehmen ein umfangreiches Produktportfolio f\u00fcr die Kabelherstellung ab.<\/p>\n<p>Dabei sehen wir uns auf der einen Seite als Dienstleister f\u00fcr unsere internationalen Partner und Hersteller, denen wir unsere Marktkenntnisse f\u00fcr die L\u00e4nder <strong>Deutschland, \u00d6sterreich, Schweiz, Belgien, Niederlande sowie f\u00fcr Tschechien, Polen und die Slowakei<\/strong> zur Verf\u00fcgung stellen.<br \/>\nWir arbeiten mit ausgew\u00e4hlten Herstellern zusammen. Vertrauen, Zuverl\u00e4ssigkeit, hohe Qualit\u00e4t und Lieferservice sind die Faktoren die unsere Partnerschaften auszeichnen.<\/p>\n<p>Auf der anderen Seite stehen unsere Kunden, mit denen wir die Gesch\u00e4fte auf Augenh\u00f6he abwickeln wollen.<br \/>\n<strong>Die Zufriedenheit unserer Kunden ist unser oberstes Ziel.<\/strong><\/p>\n<p><span style=\"color: #ffffff;\">.<\/span><\/p>\n<h3><span style=\"color: #cbc77b;\">VISION<\/span><\/h3>\n<p>Der bevorzugte Ansprechpartner unserer Kunden zu sein, wenn es um spezielle Materialien zur Herstellung von Kabeln geht.<\/p>","protected":false},"excerpt":{"rendered":"<p>SPEZIALIST F\u00dcR KABELROHSTOFFE Schmitz Industrievertretungen vertreibt spezielle Produkte, f\u00fcr die Herstellung von Kabeln und Leitungen. Als reine Handelsvertretung begann Herbert Schmitz 1989 mit dem Vertrieb<\/p>\n","protected":false},"author":1,"featured_media":0,"parent":0,"menu_order":0,"comment_status":"closed","ping_status":"closed","template":"","meta":{"footnotes":""},"class_list":["post-88","page","type-page","status-publish","hentry"],"aioseo_notices":[],"_links":{"self":[{"href":"https:\/\/www.max-suess.de\/de\/wp-json\/wp\/v2\/pages\/88"}],"collection":[{"href":"https:\/\/www.max-suess.de\/de\/wp-json\/wp\/v2\/pages"}],"about":[{"href":"https:\/\/www.max-suess.de\/de\/wp-json\/wp\/v2\/types\/page"}],"author":[{"embeddable":true,"href":"https:\/\/www.max-suess.de\/de\/wp-json\/wp\/v2\/users\/1"}],"replies":[{"embeddable":true,"href":"https:\/\/www.max-suess.de\/de\/wp-json\/wp\/v2\/comments?post=88"}],"version-history":[{"count":2,"href":"https:\/\/www.max-suess.de\/de\/wp-json\/wp\/v2\/pages\/88\/revisions"}],"predecessor-version":[{"id":2339,"href":"https:\/\/www.max-suess.de\/de\/wp-json\/wp\/v2\/pages\/88\/revisions\/2339"}],"wp:attachment":[{"href":"https:\/\/www.max-suess.de\/de\/wp-json\/wp\/v2\/media?parent=88"}],"curies":[{"name":"wp","href":"https:\/\/api.w.org\/{rel}","templated":true}]}}