{"id":52,"date":"2015-07-20T10:48:26","date_gmt":"2015-07-20T10:48:26","guid":{"rendered":"http:\/\/demo.themegrill.com\/himalayas-pro\/?page_id=52"},"modified":"2024-11-06T17:19:10","modified_gmt":"2024-11-06T16:19:10","slug":"service_leistungen","status":"publish","type":"page","link":"https:\/\/www.max-suess.de\/de\/leistungen\/service_leistungen\/","title":{"rendered":"Service, Leistungen und Technologien"},"content":{"rendered":"\t\t<div data-elementor-type=\"wp-page\" data-elementor-id=\"52\" class=\"elementor elementor-52\">\n\t\t\t\t<div class=\"elementor-element elementor-element-1ff1e2e e-flex e-con-boxed e-con e-parent\" data-id=\"1ff1e2e\" data-element_type=\"container\">\n\t\t\t\t\t<div class=\"e-con-inner\">\n\t\t\t\t<div class=\"elementor-element elementor-element-a90d27f elementor-widget elementor-widget-text-editor\" data-id=\"a90d27f\" data-element_type=\"widget\" data-widget_type=\"text-editor.default\">\n\t\t\t\t<div class=\"elementor-widget-container\">\n\t\t\t\t\t\t\tMax S\u00fcss bietet innovative textile L\u00f6sungen f\u00fcr die Kabelindustrie. Unsere Mission ist die individuelle Herstellung von Produkten nach Kundenanforderungen, termingerecht und partnerschaftlich. Durch enge Zusammenarbeit passen wir unsere L\u00f6sungen flexibel an die spezifischen Bed\u00fcrfnisse unserer Kunden an. \t\t\t\t\t\t<\/div>\n\t\t\t\t<\/div>\n\t\t\t\t\t<\/div>\n\t\t\t\t<\/div>\n\t\t<div class=\"elementor-element elementor-element-39039b1 e-flex e-con-boxed e-con e-parent\" data-id=\"39039b1\" data-element_type=\"container\">\n\t\t\t\t\t<div class=\"e-con-inner\">\n\t\t\t\t<div class=\"elementor-element elementor-element-9e54a01 elementor-widget elementor-widget-image\" data-id=\"9e54a01\" data-element_type=\"widget\" data-widget_type=\"image.default\">\n\t\t\t\t<div class=\"elementor-widget-container\">\n\t\t\t\t\t\t\t\t\t\t\t\t\t<img fetchpriority=\"high\" decoding=\"async\" width=\"783\" height=\"521\" src=\"https:\/\/www.max-suess.de\/wp-content\/uploads\/2024\/11\/DSC06470-1024x682.webp\" class=\"attachment-large size-large wp-image-2693\" alt=\"\" srcset=\"https:\/\/www.max-suess.de\/wp-content\/uploads\/2024\/11\/DSC06470-1024x682.webp 1024w, https:\/\/www.max-suess.de\/wp-content\/uploads\/2024\/11\/DSC06470-300x200.webp 300w, https:\/\/www.max-suess.de\/wp-content\/uploads\/2024\/11\/DSC06470-768x512.webp 768w, https:\/\/www.max-suess.de\/wp-content\/uploads\/2024\/11\/DSC06470-1536x1024.webp 1536w, https:\/\/www.max-suess.de\/wp-content\/uploads\/2024\/11\/DSC06470.webp 2000w\" sizes=\"(max-width: 783px) 100vw, 783px\" \/>\t\t\t\t\t\t\t\t\t\t\t\t\t<\/div>\n\t\t\t\t<\/div>\n\t\t\t\t\t<\/div>\n\t\t\t\t<\/div>\n\t\t<div class=\"elementor-element elementor-element-df2b0ef e-flex e-con-boxed e-con e-parent\" data-id=\"df2b0ef\" data-element_type=\"container\">\n\t\t\t\t\t<div class=\"e-con-inner\">\n\t\t\t\t<div class=\"elementor-element elementor-element-5321042 elementor-widget elementor-widget-text-editor\" data-id=\"5321042\" data-element_type=\"widget\" data-widget_type=\"text-editor.default\">\n\t\t\t\t<div class=\"elementor-widget-container\">\n\t\t\t\t\t\t\tAls f\u00fchrendes Unternehmen f\u00fcr F\u00fcllgarne, Rei\u00dff\u00e4den und technische Zwirne \u201eMade in Germany\u201c produzieren wir in Sehmatal-Cranzahl t\u00e4glich \u00fcber acht Tonnen. Unsere moderne Zwirn- und Spultechnologie gew\u00e4hrleistet h\u00f6chste Qualit\u00e4t f\u00fcr sensible Anwendungen, wie Bordnetz-Kabel, Robotik und Telekommunikation. \t\t\t\t\t\t<\/div>\n\t\t\t\t<\/div>\n\t\t\t\t\t<\/div>\n\t\t\t\t<\/div>\n\t\t<div class=\"elementor-element elementor-element-065cf11 e-flex e-con-boxed e-con e-parent\" data-id=\"065cf11\" data-element_type=\"container\">\n\t\t\t\t\t<div class=\"e-con-inner\">\n\t\t\t\t<div class=\"elementor-element elementor-element-a66cd5e elementor-widget elementor-widget-image\" data-id=\"a66cd5e\" data-element_type=\"widget\" data-widget_type=\"image.default\">\n\t\t\t\t<div class=\"elementor-widget-container\">\n\t\t\t\t\t\t\t\t\t\t\t\t\t<img decoding=\"async\" width=\"783\" height=\"521\" src=\"https:\/\/www.max-suess.de\/wp-content\/uploads\/2024\/11\/DSC06990-1024x682.webp\" class=\"attachment-large size-large wp-image-2694\" alt=\"\" srcset=\"https:\/\/www.max-suess.de\/wp-content\/uploads\/2024\/11\/DSC06990-1024x682.webp 1024w, https:\/\/www.max-suess.de\/wp-content\/uploads\/2024\/11\/DSC06990-300x200.webp 300w, https:\/\/www.max-suess.de\/wp-content\/uploads\/2024\/11\/DSC06990-768x512.webp 768w, https:\/\/www.max-suess.de\/wp-content\/uploads\/2024\/11\/DSC06990-1536x1024.webp 1536w, https:\/\/www.max-suess.de\/wp-content\/uploads\/2024\/11\/DSC06990.webp 2000w\" sizes=\"(max-width: 783px) 100vw, 783px\" \/>\t\t\t\t\t\t\t\t\t\t\t\t\t<\/div>\n\t\t\t\t<\/div>\n\t\t\t\t\t<\/div>\n\t\t\t\t<\/div>\n\t\t<div class=\"elementor-element elementor-element-2624290 e-flex e-con-boxed e-con e-parent\" data-id=\"2624290\" data-element_type=\"container\">\n\t\t\t\t\t<div class=\"e-con-inner\">\n\t\t\t\t<div class=\"elementor-element elementor-element-5bfa1fb elementor-widget elementor-widget-text-editor\" data-id=\"5bfa1fb\" data-element_type=\"widget\" data-widget_type=\"text-editor.default\">\n\t\t\t\t<div class=\"elementor-widget-container\">\n\t\t\t\t\t\t\tWir zeichnen uns durch pers\u00f6nlichen Service, schnelle Auftragsbest\u00e4tigungen innerhalb von 48 Stunden und ein zuverl\u00e4ssiges Logistiknetzwerk aus. Unsere Garne werden individuell nach Kundenvorgaben hergestellt, stets knotenfrei und in verschiedenen Ausf\u00fchrungen f\u00fcr diverse Anwendungen. \t\t\t\t\t\t<\/div>\n\t\t\t\t<\/div>\n\t\t\t\t\t<\/div>\n\t\t\t\t<\/div>\n\t\t<div class=\"elementor-element elementor-element-aec7a5a e-grid e-con-boxed e-con e-parent\" data-id=\"aec7a5a\" data-element_type=\"container\">\n\t\t\t\t\t<div class=\"e-con-inner\">\n\t\t\t\t<div class=\"elementor-element elementor-element-567b539 elementor-widget elementor-widget-image\" data-id=\"567b539\" data-element_type=\"widget\" data-widget_type=\"image.default\">\n\t\t\t\t<div class=\"elementor-widget-container\">\n\t\t\t\t\t\t\t\t\t\t\t\t\t<img decoding=\"async\" width=\"783\" height=\"521\" src=\"https:\/\/www.max-suess.de\/wp-content\/uploads\/2024\/11\/DSC02929-1024x682.webp\" class=\"attachment-large size-large wp-image-2695\" alt=\"\" srcset=\"https:\/\/www.max-suess.de\/wp-content\/uploads\/2024\/11\/DSC02929-1024x682.webp 1024w, https:\/\/www.max-suess.de\/wp-content\/uploads\/2024\/11\/DSC02929-300x200.webp 300w, https:\/\/www.max-suess.de\/wp-content\/uploads\/2024\/11\/DSC02929-768x512.webp 768w, https:\/\/www.max-suess.de\/wp-content\/uploads\/2024\/11\/DSC02929-1536x1024.webp 1536w, https:\/\/www.max-suess.de\/wp-content\/uploads\/2024\/11\/DSC02929.webp 2000w\" sizes=\"(max-width: 783px) 100vw, 783px\" \/>\t\t\t\t\t\t\t\t\t\t\t\t\t<\/div>\n\t\t\t\t<\/div>\n\t\t\t\t<div class=\"elementor-element elementor-element-7daf078 elementor-widget elementor-widget-image\" data-id=\"7daf078\" data-element_type=\"widget\" data-widget_type=\"image.default\">\n\t\t\t\t<div class=\"elementor-widget-container\">\n\t\t\t\t\t\t\t\t\t\t\t\t\t<img loading=\"lazy\" decoding=\"async\" width=\"783\" height=\"521\" src=\"https:\/\/www.max-suess.de\/wp-content\/uploads\/2024\/11\/DSC05072-1024x682.webp\" class=\"attachment-large size-large wp-image-2696\" alt=\"\" srcset=\"https:\/\/www.max-suess.de\/wp-content\/uploads\/2024\/11\/DSC05072-1024x682.webp 1024w, https:\/\/www.max-suess.de\/wp-content\/uploads\/2024\/11\/DSC05072-300x200.webp 300w, https:\/\/www.max-suess.de\/wp-content\/uploads\/2024\/11\/DSC05072-768x512.webp 768w, https:\/\/www.max-suess.de\/wp-content\/uploads\/2024\/11\/DSC05072-1536x1024.webp 1536w, https:\/\/www.max-suess.de\/wp-content\/uploads\/2024\/11\/DSC05072.webp 2000w\" sizes=\"(max-width: 783px) 100vw, 783px\" \/>\t\t\t\t\t\t\t\t\t\t\t\t\t<\/div>\n\t\t\t\t<\/div>\n\t\t\t\t<div class=\"elementor-element elementor-element-89cc2f9 elementor-widget elementor-widget-image\" data-id=\"89cc2f9\" data-element_type=\"widget\" data-widget_type=\"image.default\">\n\t\t\t\t<div class=\"elementor-widget-container\">\n\t\t\t\t\t\t\t\t\t\t\t\t\t<img loading=\"lazy\" decoding=\"async\" width=\"783\" height=\"521\" src=\"https:\/\/www.max-suess.de\/wp-content\/uploads\/2024\/11\/DSC05091-1024x682.webp\" class=\"attachment-large size-large wp-image-2697\" alt=\"\" srcset=\"https:\/\/www.max-suess.de\/wp-content\/uploads\/2024\/11\/DSC05091-1024x682.webp 1024w, https:\/\/www.max-suess.de\/wp-content\/uploads\/2024\/11\/DSC05091-300x200.webp 300w, https:\/\/www.max-suess.de\/wp-content\/uploads\/2024\/11\/DSC05091-768x512.webp 768w, https:\/\/www.max-suess.de\/wp-content\/uploads\/2024\/11\/DSC05091-1536x1024.webp 1536w, https:\/\/www.max-suess.de\/wp-content\/uploads\/2024\/11\/DSC05091.webp 2000w\" sizes=\"(max-width: 783px) 100vw, 783px\" \/>\t\t\t\t\t\t\t\t\t\t\t\t\t<\/div>\n\t\t\t\t<\/div>\n\t\t\t\t<div class=\"elementor-element elementor-element-f42cf85 elementor-widget elementor-widget-image\" data-id=\"f42cf85\" data-element_type=\"widget\" data-widget_type=\"image.default\">\n\t\t\t\t<div class=\"elementor-widget-container\">\n\t\t\t\t\t\t\t\t\t\t\t\t\t<img loading=\"lazy\" decoding=\"async\" width=\"783\" height=\"521\" src=\"https:\/\/www.max-suess.de\/wp-content\/uploads\/2024\/11\/DSC05361-1024x682.webp\" class=\"attachment-large size-large wp-image-2698\" alt=\"\" srcset=\"https:\/\/www.max-suess.de\/wp-content\/uploads\/2024\/11\/DSC05361-1024x682.webp 1024w, https:\/\/www.max-suess.de\/wp-content\/uploads\/2024\/11\/DSC05361-300x200.webp 300w, https:\/\/www.max-suess.de\/wp-content\/uploads\/2024\/11\/DSC05361-768x512.webp 768w, https:\/\/www.max-suess.de\/wp-content\/uploads\/2024\/11\/DSC05361-1536x1024.webp 1536w, https:\/\/www.max-suess.de\/wp-content\/uploads\/2024\/11\/DSC05361.webp 2000w\" sizes=\"(max-width: 783px) 100vw, 783px\" \/>\t\t\t\t\t\t\t\t\t\t\t\t\t<\/div>\n\t\t\t\t<\/div>\n\t\t\t\t\t<\/div>\n\t\t\t\t<\/div>\n\t\t\t\t<\/div>\n\t\t","protected":false},"excerpt":{"rendered":"<p>Max S\u00fcss bietet innovative textile L\u00f6sungen f\u00fcr die Kabelindustrie. Unsere Mission ist die individuelle Herstellung von Produkten nach Kundenanforderungen, termingerecht und partnerschaftlich. Durch enge Zusammenarbeit<\/p>\n","protected":false},"author":1,"featured_media":2697,"parent":2243,"menu_order":0,"comment_status":"closed","ping_status":"closed","template":"page-templates\/template-services.php","meta":{"footnotes":""},"class_list":["post-52","page","type-page","status-publish","has-post-thumbnail","hentry"],"aioseo_notices":[],"_links":{"self":[{"href":"https:\/\/www.max-suess.de\/de\/wp-json\/wp\/v2\/pages\/52"}],"collection":[{"href":"https:\/\/www.max-suess.de\/de\/wp-json\/wp\/v2\/pages"}],"about":[{"href":"https:\/\/www.max-suess.de\/de\/wp-json\/wp\/v2\/types\/page"}],"author":[{"embeddable":true,"href":"https:\/\/www.max-suess.de\/de\/wp-json\/wp\/v2\/users\/1"}],"replies":[{"embeddable":true,"href":"https:\/\/www.max-suess.de\/de\/wp-json\/wp\/v2\/comments?post=52"}],"version-history":[{"count":10,"href":"https:\/\/www.max-suess.de\/de\/wp-json\/wp\/v2\/pages\/52\/revisions"}],"predecessor-version":[{"id":2909,"href":"https:\/\/www.max-suess.de\/de\/wp-json\/wp\/v2\/pages\/52\/revisions\/2909"}],"up":[{"embeddable":true,"href":"https:\/\/www.max-suess.de\/de\/wp-json\/wp\/v2\/pages\/2243"}],"wp:featuredmedia":[{"embeddable":true,"href":"https:\/\/www.max-suess.de\/de\/wp-json\/wp\/v2\/media\/2697"}],"wp:attachment":[{"href":"https:\/\/www.max-suess.de\/de\/wp-json\/wp\/v2\/media?parent=52"}],"curies":[{"name":"wp","href":"https:\/\/api.w.org\/{rel}","templated":true}]}}