{"id":2798,"date":"2024-11-04T12:35:55","date_gmt":"2024-11-04T11:35:55","guid":{"rendered":"https:\/\/www.max-suess.de\/?page_id=2798"},"modified":"2024-11-13T13:39:34","modified_gmt":"2024-11-13T12:39:34","slug":"pp-seil","status":"publish","type":"page","link":"https:\/\/www.max-suess.de\/de\/produkte\/pp-seil\/","title":{"rendered":"PP-Seil\u00a0"},"content":{"rendered":"\t\t<div data-elementor-type=\"wp-page\" data-elementor-id=\"2798\" class=\"elementor elementor-2798\">\n\t\t\t\t<div class=\"elementor-element elementor-element-9fda8c6 e-flex e-con-boxed e-con e-parent\" data-id=\"9fda8c6\" data-element_type=\"container\">\n\t\t\t\t\t<div class=\"e-con-inner\">\n\t\t\t\t<div class=\"elementor-element elementor-element-7a0d4be elementor-widget elementor-widget-heading\" data-id=\"7a0d4be\" data-element_type=\"widget\" data-widget_type=\"heading.default\">\n\t\t\t\t<div class=\"elementor-widget-container\">\n\t\t\t<h2 class=\"elementor-heading-title elementor-size-default\">PP-Seile mit einer Auswahl an Durchmesser zwischen 1,5 mm und 16,0 mm  <\/h2>\t\t<\/div>\n\t\t\t\t<\/div>\n\t\t<div class=\"elementor-element elementor-element-fb429c3 e-con-full e-flex e-con e-child\" data-id=\"fb429c3\" data-element_type=\"container\">\n\t\t\t\t<div class=\"elementor-element elementor-element-cd779a9 elementor-widget elementor-widget-text-editor\" data-id=\"cd779a9\" data-element_type=\"widget\" data-widget_type=\"text-editor.default\">\n\t\t\t\t<div class=\"elementor-widget-container\">\n\t\t\t\t\t\t\t<p>Unsere PP-Seile sind mehrsch\u00e4ftige Polypropylenseile als Zugentlastungs- und F\u00fcllelemente f\u00fcr diverse Kabeltypen. Mit Durchmessern von 1,5 mm bis 16,0 mm bieten wir eine breite Auswahl, die sich flexibel an Ihre Anforderungen anpassen l\u00e4sst.<\/p><p>Dank eines optimalen Seilschlagverfahrens verf\u00fcgen unsere Seile \u00fcber eine \u201erunde, harte und faserfreie Oberfl\u00e4che\u201c, die eine hohe Strapazierf\u00e4higkeit garantiert. Sie sind knotenfrei und erm\u00f6glichen eine einfache Handhabung, selbst bei langen Laufl\u00e4ngen und Spulengewichten von bis zu 25 kg.<\/p><p>Die Lieferung erfolgt auf Kabeltrommeln mit sehr hoher Laufl\u00e4nge, sodass Sie effizient und produktiv arbeiten k\u00f6nnen. Auf Wunsch werden die Seile auch \u201eflammhemmend\u201c ausger\u00fcstet.<\/p><p>Verlassen Sie sich auf unsere PP-Seile f\u00fcr eine zuverl\u00e4ssige und langlebige L\u00f6sung in Ihrer Kabelanwendung!<\/p>\t\t\t\t\t\t<\/div>\n\t\t\t\t<\/div>\n\t\t\t\t<div class=\"elementor-element elementor-element-46ab4f8 elementor-widget elementor-widget-image\" data-id=\"46ab4f8\" data-element_type=\"widget\" data-widget_type=\"image.default\">\n\t\t\t\t<div class=\"elementor-widget-container\">\n\t\t\t\t\t\t\t\t\t\t\t\t\t<img fetchpriority=\"high\" decoding=\"async\" width=\"2000\" height=\"1333\" src=\"https:\/\/www.max-suess.de\/wp-content\/uploads\/2024\/11\/DSC07860-1.webp\" class=\"attachment-full size-full wp-image-2980\" alt=\"\" srcset=\"https:\/\/www.max-suess.de\/wp-content\/uploads\/2024\/11\/DSC07860-1.webp 2000w, https:\/\/www.max-suess.de\/wp-content\/uploads\/2024\/11\/DSC07860-1-300x200.webp 300w, https:\/\/www.max-suess.de\/wp-content\/uploads\/2024\/11\/DSC07860-1-1024x682.webp 1024w, https:\/\/www.max-suess.de\/wp-content\/uploads\/2024\/11\/DSC07860-1-768x512.webp 768w, https:\/\/www.max-suess.de\/wp-content\/uploads\/2024\/11\/DSC07860-1-1536x1024.webp 1536w\" sizes=\"(max-width: 2000px) 100vw, 2000px\" \/>\t\t\t\t\t\t\t\t\t\t\t\t\t<\/div>\n\t\t\t\t<\/div>\n\t\t<div class=\"elementor-element elementor-element-8305696 e-con-full e-flex e-con e-child\" data-id=\"8305696\" data-element_type=\"container\">\n\t\t\t\t<div class=\"elementor-element elementor-element-42f43a1 elementor-widget elementor-widget-html\" data-id=\"42f43a1\" data-element_type=\"widget\" data-widget_type=\"html.default\">\n\t\t\t\t<div class=\"elementor-widget-container\">\n\t\t\t<style>\r\n    table{\r\n        border: none;\r\n    }\r\n\r\n    table#specs tbody>tr:nth-child(odd){\r\n        background-color: #ffffff;\r\n        \r\n    }\r\n\r\n    table#specs tbody>tr:nth-child(even){\r\n        background-color: #ECEDED;\r\n    }\r\n<\/style>\r\n<h3 style=\"margin: 0px 0px 0px 0px; padding-left: 1rem; background-color: #C3AE00; color: white;\">PP-Seil (technische Daten\/Bespieldurchmesser)*<\/h3>\r\n<div style=\"overflow-x: auto\">\r\n    <table id=\"specs\" cellspacing=\"0\" cellpadding=\"2\" style=\"margin: 0px\">\r\n        <thead style=\"background-color: #FAF8EA;\">\r\n            <th style=\"text-align: center;\"><\/th>\r\n            <th style=\"text-align: center;\">Einheit<\/th>\r\n            <th style=\"text-align: center;\"> 1,5 mm (3-Sch\u00e4ftig)<\/th>\r\n            <th style=\"text-align: center;\"> 2,5 mm (3-Sch\u00e4ftig)<\/th>\r\n            <th style=\"text-align: center;\"> 3,5 mm (3-Sch\u00e4ftig)<\/th>\r\n            <th style=\"text-align: center;\"> 4,0 mm (3-Sch\u00e4ftig)<\/th>\r\n            <th style=\"text-align: center;\"> 5,0 mm (4-Sch\u00e4ftig)<\/th>\r\n            <th style=\"text-align: center;\"> 6,5 mm (4-Sch\u00e4ftig)<\/th>\r\n            <th style=\"text-align: center;\"> 8,5 mm (4-Sch\u00e4ftig)<\/th>\r\n            <th style=\"text-align: center;\"> 11,0 mm (4-Sch\u00e4ftig)<\/th>\r\n        <\/thead>\r\n        <tbody>\r\n            <tr>\r\n                <td style=\"padding-left: 1rem;\"><b>Metergewicht<\/b><\/td>\r\n                <td style=\"text-align: center;\">g\/m<\/td>\r\n                <td style=\"text-align: center;\">1,1<\/td>\r\n                <td style=\"text-align: center;\">3,3<\/td>\r\n                <td style=\"text-align: center;\">5,2<\/td>\r\n                <td style=\"text-align: center;\">7,2<\/td>\r\n                <td style=\"text-align: center;\">10<\/td>\r\n                <td style=\"text-align: center;\">18,8<\/td>\r\n                <td style=\"text-align: center;\">34,6<\/td>\r\n                <td style=\"text-align: center;\">58<\/td>\r\n            <\/tr>\r\n            <tr>\r\n                <td style=\"padding-left: 1rem;\"><b>Laufl\u00e4nge<\/b><\/td>\r\n                <td style=\"text-align: center;\">m\/kg<\/td>\r\n                <td style=\"text-align: center;\">904<\/td>\r\n                <td style=\"text-align: center;\">303<\/td>\r\n                <td style=\"text-align: center;\">192<\/td>\r\n                <td style=\"text-align: center;\">138<\/td>\r\n                <td style=\"text-align: center;\">100<\/td>\r\n                <td style=\"text-align: center;\">53<\/td>\r\n                <td style=\"text-align: center;\">28<\/td>\r\n                <td style=\"text-align: center;\">17<\/td>\r\n            <\/tr>\r\n            <tr>\r\n                <td style=\"padding-left: 1rem;\"><b>Reisskraft<\/b><\/td>\r\n                <td style=\"text-align: center;\">N<\/td>\r\n                <td style=\"text-align: center;\">623<\/td>\r\n                <td style=\"text-align: center;\">1240<\/td>\r\n                <td style=\"text-align: center;\">2200<\/td>\r\n                <td style=\"text-align: center;\">2650<\/td>\r\n                <td style=\"text-align: center;\">3700<\/td>\r\n                <td style=\"text-align: center;\">6500<\/td>\r\n                <td style=\"text-align: center;\">10000<\/td>\r\n                <td style=\"text-align: center;\">> 12000<\/td>\r\n            <\/tr>\r\n            <tr>\r\n                <td style=\"padding-left: 1rem;\"><b>Bruchdehnung<\/b><\/td>\r\n                <td style=\"text-align: center;\">%<\/td>\r\n                <td style=\"text-align: center;\">10<\/td>\r\n                <td style=\"text-align: center;\">15<\/td>\r\n                <td style=\"text-align: center;\">18<\/td>\r\n                <td style=\"text-align: center;\">18<\/td>\r\n                <td style=\"text-align: center;\">18<\/td>\r\n                <td style=\"text-align: center;\">18<\/td>\r\n                <td style=\"text-align: center;\">18<\/td>\r\n                <td style=\"text-align: center;\">>18<\/td>\r\n            <\/tr>\r\n        <\/tbody>\r\n    <\/table>\r\n<\/div>\r\n<i>*\"s\"- oder \"z\" Drehung | Erweichungspunkt liegt bei 150\u00b0C - Schmelzpunkt bei 160\u00b0C<\/i>\t\t<\/div>\n\t\t\t\t<\/div>\n\t\t<div class=\"elementor-element elementor-element-ced4081 e-con-full e-flex e-con e-child\" data-id=\"ced4081\" data-element_type=\"container\">\n\t\t\t\t<div class=\"elementor-element elementor-element-3d6d296 elementor-widget elementor-widget-html\" data-id=\"3d6d296\" data-element_type=\"widget\" data-widget_type=\"html.default\">\n\t\t\t\t<div class=\"elementor-widget-container\">\n\t\t\t<style>\r\n    table{\r\n        border: none;\r\n    }\r\n\r\n    tbody>tr{\r\n        background-color: #ffffff;\r\n        \r\n    }\r\n\r\n<\/style>\r\n<h3 style=\"margin: 0px 0px 0px 0px; padding-left: 1rem; background-color: #C3AE00; color: white;\">Standard Spulen- und H\u00fclsenspezifikation<\/h3>\r\n<table cellspacing=\"0\" cellpadding=\"2\" style=\"margin: 0px\">\r\n    <tbody>\r\n        <tr>\r\n            <td style=\"padding-left: 1rem; width: 70px;\">\r\n                <img decoding=\"async\" src=\"https:\/\/www.max-suess.de\/wp-content\/uploads\/2024\/11\/zylindrisch.png\" alt=\"\" width=\"48px\" height=\"48px\">\r\n            <\/td>\r\n            <td style=\"text-align: center;\">zylindrisch<\/td>\r\n            <td style=\"text-align: center;\">4-24 kg<\/td>\r\n            <td style=\"text-align: center;\">ID 90 mm<\/td>\r\n            <td style=\"text-align: center;\">L 300 mm \/ 405 mm<\/td>\r\n        <\/tr>\r\n        <tr>\r\n            <td style=\"padding-left: 1rem; width: 70px;\">\r\n                                                <img decoding=\"async\" src=\"https:\/\/www.max-suess.de\/wp-content\/uploads\/2024\/11\/trommel.png\" alt=\"\" width=\"48px\" height=\"48px\">\r\n\r\n            <\/td>\r\n            <td style=\"text-align: center;\">Trommel<\/td>\r\n            <td style=\"text-align: center;\">25 - 150 kg<\/td>\r\n            <td style=\"text-align: center;\">diverse Trommelabmessungen<\/td>\r\n            <td style=\"text-align: center;\"><\/td>\r\n        <\/tr>\r\n\r\n    <\/tbody>\r\n<\/table>\r\n\t\t<\/div>\n\t\t\t\t<\/div>\n\t\t\t\t<\/div>\n\t\t\t\t<\/div>\n\t\t\t\t<\/div>\n\t\t\t\t\t<\/div>\n\t\t\t\t<\/div>\n\t\t\t\t<\/div>\n\t\t","protected":false},"excerpt":{"rendered":"<p>PP Seile zur F\u00fcllung und Zugentlastung im Kabel<\/p>\n","protected":false},"author":3,"featured_media":3119,"parent":54,"menu_order":2,"comment_status":"closed","ping_status":"closed","template":"page-templates\/template-portfolio.php","meta":{"footnotes":""},"class_list":["post-2798","page","type-page","status-publish","has-post-thumbnail","hentry"],"aioseo_notices":[],"_links":{"self":[{"href":"https:\/\/www.max-suess.de\/de\/wp-json\/wp\/v2\/pages\/2798"}],"collection":[{"href":"https:\/\/www.max-suess.de\/de\/wp-json\/wp\/v2\/pages"}],"about":[{"href":"https:\/\/www.max-suess.de\/de\/wp-json\/wp\/v2\/types\/page"}],"author":[{"embeddable":true,"href":"https:\/\/www.max-suess.de\/de\/wp-json\/wp\/v2\/users\/3"}],"replies":[{"embeddable":true,"href":"https:\/\/www.max-suess.de\/de\/wp-json\/wp\/v2\/comments?post=2798"}],"version-history":[{"count":10,"href":"https:\/\/www.max-suess.de\/de\/wp-json\/wp\/v2\/pages\/2798\/revisions"}],"predecessor-version":[{"id":3193,"href":"https:\/\/www.max-suess.de\/de\/wp-json\/wp\/v2\/pages\/2798\/revisions\/3193"}],"up":[{"embeddable":true,"href":"https:\/\/www.max-suess.de\/de\/wp-json\/wp\/v2\/pages\/54"}],"wp:featuredmedia":[{"embeddable":true,"href":"https:\/\/www.max-suess.de\/de\/wp-json\/wp\/v2\/media\/3119"}],"wp:attachment":[{"href":"https:\/\/www.max-suess.de\/de\/wp-json\/wp\/v2\/media?parent=2798"}],"curies":[{"name":"wp","href":"https:\/\/api.w.org\/{rel}","templated":true}]}}