{"id":2796,"date":"2024-11-04T12:34:07","date_gmt":"2024-11-04T11:34:07","guid":{"rendered":"https:\/\/www.max-suess.de\/?page_id=2796"},"modified":"2024-11-13T13:41:06","modified_gmt":"2024-11-13T12:41:06","slug":"papier-garn","status":"publish","type":"page","link":"https:\/\/www.max-suess.de\/de\/produkte\/papier-garn\/","title":{"rendered":"Papier-Garn"},"content":{"rendered":"\t\t<div data-elementor-type=\"wp-page\" data-elementor-id=\"2796\" class=\"elementor elementor-2796\">\n\t\t\t\t<div class=\"elementor-element elementor-element-5b446ac e-flex e-con-boxed e-con e-parent\" data-id=\"5b446ac\" data-element_type=\"container\">\n\t\t\t\t\t<div class=\"e-con-inner\">\n\t\t\t\t<div class=\"elementor-element elementor-element-897ff04 elementor-widget elementor-widget-heading\" data-id=\"897ff04\" data-element_type=\"widget\" data-widget_type=\"heading.default\">\n\t\t\t\t<div class=\"elementor-widget-container\">\n\t\t\t<h2 class=\"elementor-heading-title elementor-size-default\">Der Papiergarn \u2013 eine L\u00f6sung f\u00fcr die Umwelt <\/h2>\t\t<\/div>\n\t\t\t\t<\/div>\n\t\t<div class=\"elementor-element elementor-element-1eb65ab e-con-full e-flex e-con e-child\" data-id=\"1eb65ab\" data-element_type=\"container\">\n\t\t<div class=\"elementor-element elementor-element-4209b05 e-con-full e-flex e-con e-child\" data-id=\"4209b05\" data-element_type=\"container\">\n\t\t\t\t<div class=\"elementor-element elementor-element-825e0aa elementor-widget__width-initial elementor-widget elementor-widget-text-editor\" data-id=\"825e0aa\" data-element_type=\"widget\" data-widget_type=\"text-editor.default\">\n\t\t\t\t<div class=\"elementor-widget-container\">\n\t\t\t\t\t\t\t<p>Papiergarn bietet eine innovative und umweltfreundliche L\u00f6sung f\u00fcr die Kabelindustrie. Hergestellt aus 100 % Natron Kraftpapier, zeichnen sich unsere gezwirnten Garne durch ihre hohe Qualit\u00e4t und Langlebigkeit aus. Mit Durchmessern von 1,2 bis 5,00 mm passen sie sich flexibel an verschiedene Anwendungen an.<\/p><p>Ein herausragendes Merkmal unseres Papiergarns ist die hohe Temperaturbest\u00e4ndigkeit, die es f\u00fcr zahlreiche industrielle Einsatzbereiche geeignet macht. Die Lieferung erfolgt auf Kreuzwickel oder Kabeltrommeln mit hoher Laufl\u00e4nge, sodass Sie knotenfrei arbeiten k\u00f6nnen und die Effizienz Ihrer Produktionsprozesse steigern.<\/p><p>Dar\u00fcber hinaus bieten wir anwendungsspezifische Garnkonstruktionen an, die genau auf Ihre individuellen Bed\u00fcrfnisse abgestimmt sind. Vertrauen Sie auf unser Papiergarn f\u00fcr eine zuverl\u00e4ssige und nachhaltige Kabell\u00f6sung!<\/p>\t\t\t\t\t\t<\/div>\n\t\t\t\t<\/div>\n\t\t\t\t<div class=\"elementor-element elementor-element-2146087 elementor-widget elementor-widget-image\" data-id=\"2146087\" data-element_type=\"widget\" data-widget_type=\"image.default\">\n\t\t\t\t<div class=\"elementor-widget-container\">\n\t\t\t\t\t\t\t\t\t\t\t\t\t<img fetchpriority=\"high\" decoding=\"async\" width=\"783\" height=\"635\" src=\"https:\/\/www.max-suess.de\/wp-content\/uploads\/2024\/11\/1.webp\" class=\"attachment-large size-large wp-image-3148\" alt=\"\" srcset=\"https:\/\/www.max-suess.de\/wp-content\/uploads\/2024\/11\/1.webp 956w, https:\/\/www.max-suess.de\/wp-content\/uploads\/2024\/11\/1-300x243.webp 300w, https:\/\/www.max-suess.de\/wp-content\/uploads\/2024\/11\/1-768x623.webp 768w\" sizes=\"(max-width: 783px) 100vw, 783px\" \/>\t\t\t\t\t\t\t\t\t\t\t\t\t<\/div>\n\t\t\t\t<\/div>\n\t\t\t\t<\/div>\n\t\t<div class=\"elementor-element elementor-element-2c2d46f e-con-full e-flex e-con e-child\" data-id=\"2c2d46f\" data-element_type=\"container\">\n\t\t\t\t<div class=\"elementor-element elementor-element-a1a338b elementor-widget elementor-widget-html\" data-id=\"a1a338b\" data-element_type=\"widget\" data-widget_type=\"html.default\">\n\t\t\t\t<div class=\"elementor-widget-container\">\n\t\t\t<style>\r\n    table{\r\n        border: none;\r\n    }\r\n\r\n    table#specs tbody>tr:nth-child(odd){\r\n        background-color: #ffffff;\r\n        \r\n    }\r\n\r\n    table#specs tbody>tr:nth-child(even){\r\n        background-color: #ECEDED;\r\n    }\r\n<\/style>\r\n<h3 style=\"margin: 0px 0px 0px 0px; padding-left: 1rem; background-color: #C3AE00; color: white;\">Papier-Garn (technische Daten\/Beispieldurchmesser)*<\/h3>\r\n<div style=\"overflow-x: auto\">\r\n<table id=\"specs\" cellspacing=\"0\" cellpadding=\"2\" style=\"margin: 0px\">\r\n    <thead style=\"background-color: #FAF8EA;\">\r\n        <th style=\"text-align: center;\"><\/th>\r\n        <th style=\"text-align: center;\">Einheit<\/th>\r\n        <th style=\"text-align: center;\">1,3 mm<\/th>\r\n        <th style=\"text-align: center;\">1,5 mm<\/th>\r\n        <th style=\"text-align: center;\">2,0 mm<\/th>\r\n        <th style=\"text-align: center;\">3,0 mm<\/th>\r\n        <th style=\"text-align: center;\">4,0 mm<\/th>\r\n        <th style=\"text-align: center;\">5,0 mm<\/th>\r\n    <\/thead>\r\n    <tbody>\r\n        <tr>\r\n            <td style=\"padding-left: 1rem;\"><b>Feinheit<\/b><\/td>\r\n            <td style=\"text-align: center;\">tex<\/td>\r\n            <td style=\"text-align: center;\">1320<\/td>\r\n            <td style=\"text-align: center;\">1720<\/td>\r\n            <td style=\"text-align: center;\">2300<\/td>\r\n            <td style=\"text-align: center;\">6600<\/td>\r\n            <td style=\"text-align: center;\">9000<\/td>\r\n            <td style=\"text-align: center;\">12000<\/td>\r\n        <\/tr>\r\n        <tr>\r\n            <td style=\"padding-left: 1rem;\"><b>Laufl\u00e4nge<\/b><\/td>\r\n            <td style=\"text-align: center;\">m\/kg<\/td>\r\n            <td style=\"text-align: center;\">755<\/td>\r\n            <td style=\"text-align: center;\">580<\/td>\r\n            <td style=\"text-align: center;\">440<\/td>\r\n            <td style=\"text-align: center;\">150<\/td>\r\n            <td style=\"text-align: center;\">110<\/td>\r\n            <td style=\"text-align: center;\">83<\/td>\r\n        <\/tr>\r\n        <tr>\r\n            <td style=\"padding-left: 1rem;\"><b>Reisskraft<\/b><\/td>\r\n            <td style=\"text-align: center;\">N<\/td>\r\n            <td style=\"text-align: center;\">100<\/td>\r\n            <td style=\"text-align: center;\">125<\/td>\r\n            <td style=\"text-align: center;\">175<\/td>\r\n            <td style=\"text-align: center;\">550<\/td>\r\n            <td style=\"text-align: center;\">630<\/td>\r\n            <td style=\"text-align: center;\">780<\/td>\r\n        <\/tr>\r\n        <tr>\r\n            <td style=\"padding-left: 1rem;\"><b>Bruchdehnung<\/b><\/td>\r\n            <td style=\"text-align: center;\">%<\/td>\r\n            <td style=\"text-align: center;\">> 2<\/td>\r\n            <td style=\"text-align: center;\">5<\/td>\r\n            <td style=\"text-align: center;\">5<\/td>\r\n            <td style=\"text-align: center;\">5<\/td>\r\n            <td style=\"text-align: center;\">5<\/td>\r\n            <td style=\"text-align: center;\">5<\/td>\r\n        <\/tr>\r\n        <tr>\r\n            <td style=\"padding-left: 1rem;\"><b>Feuchte<\/b><\/td>\r\n            <td style=\"text-align: center;\">%<\/td>\r\n            <td style=\"text-align: center;\">15<\/td>\r\n            <td style=\"text-align: center;\">15<\/td>\r\n            <td style=\"text-align: center;\">15<\/td>\r\n            <td style=\"text-align: center;\">15<\/td>\r\n            <td style=\"text-align: center;\">15<\/td>\r\n            <td style=\"text-align: center;\">15<\/td>\r\n        <\/tr>\r\n    <\/tbody>\r\n<\/table>\r\n<\/div>\r\n<i>*\"s\"- oder \"z\" Drehung<\/i>\t\t<\/div>\n\t\t\t\t<\/div>\n\t\t<div class=\"elementor-element elementor-element-cb9fd08 e-con-full e-flex e-con e-child\" data-id=\"cb9fd08\" data-element_type=\"container\">\n\t\t\t\t<div class=\"elementor-element elementor-element-ea78370 elementor-widget elementor-widget-html\" data-id=\"ea78370\" data-element_type=\"widget\" data-widget_type=\"html.default\">\n\t\t\t\t<div class=\"elementor-widget-container\">\n\t\t\t<style>\r\n    table{\r\n        border: none;\r\n    }\r\n\r\n    tbody>tr{\r\n        background-color: #ffffff;\r\n        \r\n    }\r\n\r\n<\/style>\r\n<h3 style=\"margin: 0px 0px 0px 0px; padding-left: 1rem; background-color: #C3AE00; color: white;\">Standard Spulen- und H\u00fclsenspezifikation<\/h3>\r\n<table cellspacing=\"0\" cellpadding=\"2\" style=\"margin: 0px\">\r\n    <tbody>\r\n        <tr>\r\n            <td style=\"padding-left: 1rem; width: 70px;\">\r\n                <img decoding=\"async\" src=\"https:\/\/www.max-suess.de\/wp-content\/uploads\/2024\/11\/zylindrisch.png\" alt=\"\" width=\"48px\" height=\"48px\">\r\n            <\/td>\r\n            <td style=\"text-align: center;\">zylindrisch<\/td>\r\n            <td style=\"text-align: center;\">4-10 kg<\/td>\r\n            <td style=\"text-align: center;\">ID 29 mm - 90 mm<\/td>\r\n            <td style=\"text-align: center;\">L 260 mm - 300 mm<\/td>\r\n        <\/tr>\r\n        <tr>\r\n            <td style=\"padding-left: 1rem; width: 70px;\">\r\n                                <img decoding=\"async\" src=\"https:\/\/www.max-suess.de\/wp-content\/uploads\/2024\/11\/konisch.png\" alt=\"\" width=\"48px\" height=\"48px\">\r\n            <\/td>\r\n            <td style=\"text-align: center;\">konisch<\/td>\r\n            <td style=\"text-align: center;\">3-13 kg<\/td>\r\n            <td style=\"text-align: center;\">10\u20333\u00b0 30\u2032 - 8\u20333\u00b0 30\u2032<\/td>\r\n            <td style=\"text-align: center;\">weitere auf Anfrage<\/td>\r\n        <\/tr>\r\n        <tr>\r\n            <td style=\"padding-left: 1rem; width: 70px;\">\r\n                                                <img decoding=\"async\" src=\"https:\/\/www.max-suess.de\/wp-content\/uploads\/2024\/11\/trommel.png\" alt=\"\" width=\"48px\" height=\"48px\">\r\n\r\n            <\/td>\r\n            <td style=\"text-align: center;\">Trommel<\/td>\r\n            <td style=\"text-align: center;\">25 - 90 kg<\/td>\r\n            <td style=\"text-align: center;\">diverse Trommelabmessungen<\/td>\r\n            <td style=\"text-align: center;\"><\/td>\r\n        <\/tr>\r\n\r\n    <\/tbody>\r\n<\/table>\r\n\t\t<\/div>\n\t\t\t\t<\/div>\n\t\t\t\t<\/div>\n\t\t\t\t<\/div>\n\t\t\t\t<\/div>\n\t\t\t\t\t<\/div>\n\t\t\t\t<\/div>\n\t\t\t\t<\/div>\n\t\t","protected":false},"excerpt":{"rendered":"<p>Kabelf\u00fcller aus Papier f\u00fcr konventionelle Kabeldesigns und Energiekabel<\/p>\n","protected":false},"author":3,"featured_media":2803,"parent":54,"menu_order":5,"comment_status":"closed","ping_status":"closed","template":"page-templates\/template-portfolio.php","meta":{"footnotes":""},"class_list":["post-2796","page","type-page","status-publish","has-post-thumbnail","hentry"],"aioseo_notices":[],"_links":{"self":[{"href":"https:\/\/www.max-suess.de\/de\/wp-json\/wp\/v2\/pages\/2796"}],"collection":[{"href":"https:\/\/www.max-suess.de\/de\/wp-json\/wp\/v2\/pages"}],"about":[{"href":"https:\/\/www.max-suess.de\/de\/wp-json\/wp\/v2\/types\/page"}],"author":[{"embeddable":true,"href":"https:\/\/www.max-suess.de\/de\/wp-json\/wp\/v2\/users\/3"}],"replies":[{"embeddable":true,"href":"https:\/\/www.max-suess.de\/de\/wp-json\/wp\/v2\/comments?post=2796"}],"version-history":[{"count":10,"href":"https:\/\/www.max-suess.de\/de\/wp-json\/wp\/v2\/pages\/2796\/revisions"}],"predecessor-version":[{"id":3196,"href":"https:\/\/www.max-suess.de\/de\/wp-json\/wp\/v2\/pages\/2796\/revisions\/3196"}],"up":[{"embeddable":true,"href":"https:\/\/www.max-suess.de\/de\/wp-json\/wp\/v2\/pages\/54"}],"wp:featuredmedia":[{"embeddable":true,"href":"https:\/\/www.max-suess.de\/de\/wp-json\/wp\/v2\/media\/2803"}],"wp:attachment":[{"href":"https:\/\/www.max-suess.de\/de\/wp-json\/wp\/v2\/media?parent=2796"}],"curies":[{"name":"wp","href":"https:\/\/api.w.org\/{rel}","templated":true}]}}