{"id":2795,"date":"2024-11-04T15:09:18","date_gmt":"2024-11-04T14:09:18","guid":{"rendered":"https:\/\/www.max-suess.de\/?page_id=2795"},"modified":"2025-06-24T16:56:01","modified_gmt":"2025-06-24T14:56:01","slug":"reissfaeden","status":"publish","type":"page","link":"https:\/\/www.max-suess.de\/de\/produkte\/reissfaeden\/","title":{"rendered":"Reissf\u00e4den"},"content":{"rendered":"\t\t<div data-elementor-type=\"wp-page\" data-elementor-id=\"2795\" class=\"elementor elementor-2795\">\n\t\t\t\t<div class=\"elementor-element elementor-element-373ce49 e-flex e-con-boxed e-con e-parent\" data-id=\"373ce49\" data-element_type=\"container\">\n\t\t\t\t\t<div class=\"e-con-inner\">\n\t\t\t\t<div class=\"elementor-element elementor-element-89cdee4 elementor-widget elementor-widget-heading\" data-id=\"89cdee4\" data-element_type=\"widget\" data-widget_type=\"heading.default\">\n\t\t\t\t<div class=\"elementor-widget-container\">\n\t\t\t<h2 class=\"elementor-heading-title elementor-size-default\">Der Rei\u00dffaden \u2013 eine rei\u00dffeste L\u00f6sung f\u00fcr alle F\u00e4lle <\/h2>\t\t<\/div>\n\t\t\t\t<\/div>\n\t\t<div class=\"elementor-element elementor-element-7b590f8 e-con-full e-flex e-con e-child\" data-id=\"7b590f8\" data-element_type=\"container\">\n\t\t\t\t<div class=\"elementor-element elementor-element-c095b46 elementor-widget elementor-widget-text-editor\" data-id=\"c095b46\" data-element_type=\"widget\" data-widget_type=\"text-editor.default\">\n\t\t\t\t<div class=\"elementor-widget-container\">\n\t\t\t\t\t\t\t<p>Willkommen in unserer Produktkategorie f\u00fcr Rei\u00dff\u00e4den!<\/p><p>Unsere Rei\u00dff\u00e4den werden aus hochfesten Materialien wie Polyester, Polyamid (Nylon) und Aramid hergestellt und bieten eine sehr hohe Rei\u00dffestigkeit.<\/p><p>Dank eines optimalen Herstellungsverfahrens garantieren unsere Rei\u00dff\u00e4den exzellente Rei\u00dfeigenschaften, die f\u00fcr alle Kabeltypen geeignet sind.<\/p><p>Egal, ob Sie spezielle Anforderungen an die Farbe oder die Konstruktion haben, wir bieten Ihnen ma\u00dfgeschneiderte L\u00f6sungen, die genau auf Ihre Bed\u00fcrfnisse abgestimmt sind.<\/p>\t\t\t\t\t\t<\/div>\n\t\t\t\t<\/div>\n\t\t\t\t<div class=\"elementor-element elementor-element-bd991eb elementor-widget elementor-widget-image\" data-id=\"bd991eb\" data-element_type=\"widget\" data-widget_type=\"image.default\">\n\t\t\t\t<div class=\"elementor-widget-container\">\n\t\t\t\t\t\t\t\t\t\t\t\t\t<img fetchpriority=\"high\" decoding=\"async\" width=\"2000\" height=\"1333\" src=\"https:\/\/www.max-suess.de\/wp-content\/uploads\/2024\/11\/DSC08099-1.webp\" class=\"attachment-full size-full wp-image-2981\" alt=\"\" srcset=\"https:\/\/www.max-suess.de\/wp-content\/uploads\/2024\/11\/DSC08099-1.webp 2000w, https:\/\/www.max-suess.de\/wp-content\/uploads\/2024\/11\/DSC08099-1-300x200.webp 300w, https:\/\/www.max-suess.de\/wp-content\/uploads\/2024\/11\/DSC08099-1-1024x682.webp 1024w, https:\/\/www.max-suess.de\/wp-content\/uploads\/2024\/11\/DSC08099-1-768x512.webp 768w, https:\/\/www.max-suess.de\/wp-content\/uploads\/2024\/11\/DSC08099-1-1536x1024.webp 1536w\" sizes=\"(max-width: 2000px) 100vw, 2000px\" \/>\t\t\t\t\t\t\t\t\t\t\t\t\t<\/div>\n\t\t\t\t<\/div>\n\t\t<div class=\"elementor-element elementor-element-bec6e80 e-con-full e-flex e-con e-child\" data-id=\"bec6e80\" data-element_type=\"container\">\n\t\t\t\t<div class=\"elementor-element elementor-element-2b1a06a elementor-widget elementor-widget-html\" data-id=\"2b1a06a\" data-element_type=\"widget\" data-widget_type=\"html.default\">\n\t\t\t\t<div class=\"elementor-widget-container\">\n\t\t\t<style>\r\n    table{\r\n        border: none;\r\n    }\r\n\r\n    table#specs tbody>tr:nth-child(odd){\r\n        background-color: #ffffff;\r\n        \r\n    }\r\n\r\n    table#specs tbody>tr:nth-child(even){\r\n        background-color: #ECEDED;\r\n    }\r\n<\/style>\r\n<h3 style=\"margin: 0px 0px 0px 0px; padding-left: 1rem; background-color: #C3AE00; color: white;\">PES-Reissfaden (technische Daten)<\/h3>\r\n<div style=\"overflow-x: auto\">\r\n<table id=\"specs\" cellspacing=\"0\" cellpadding=\"2\" style=\"margin: 0px\">\r\n    <thead style=\"background-color: #FAF8EA;\">\r\n        <th style=\"text-align: center;\"><\/th>\r\n        <th style=\"text-align: center;\">Einheit<\/th>\r\n        <th style=\"text-align: center;\">PES 1100\/1<\/th>\r\n        <th style=\"text-align: center;\">PES 1100\/2<\/th>\r\n        <th style=\"text-align: center;\">PES 1100\/3<\/th>\r\n        <th style=\"text-align: center;\">PES 1100\/1\/2<\/th>\r\n        <th style=\"text-align: center;\">PES 1100\/1\/3<\/th>\r\n        <th style=\"text-align: center;\">PES 1670\/1<\/th>\r\n    <\/thead>\r\n    <tbody>\r\n        <tr>\r\n            <td style=\"padding-left: 1rem;\"><b>Feinheit<\/b><\/td>\r\n            <td style=\"text-align: center;\">dtex (Denier)<\/td>\r\n            <td style=\"text-align: center;\">1100 (990)<\/td>\r\n            <td style=\"text-align: center;\">2200 (1890)<\/td>\r\n            <td style=\"text-align: center;\">3300 (3000)<\/td>\r\n            <td style=\"text-align: center;\">2200 <br>(1890)<\/td>\r\n            <td style=\"text-align: center;\">3300 <br>(3000)<\/td>\r\n            <td style=\"text-align: center;\">1670 (1500)<\/td>\r\n        <\/tr>\r\n        <tr>\r\n            <td style=\"padding-left: 1rem;\"><b>Metergewicht<\/b><\/td>\r\n            <td style=\"text-align: center;\">g\/m<\/td>\r\n            <td style=\"text-align: center;\">0,11<\/td>\r\n            <td style=\"text-align: center;\">0,22<\/td>\r\n            <td style=\"text-align: center;\">0,33<\/td>\r\n            <td style=\"text-align: center;\">0,22<\/td>\r\n            <td style=\"text-align: center;\">0,33<\/td>\r\n            <td style=\"text-align: center;\">0,167<\/td>\r\n        <\/tr>\r\n        <tr>\r\n            <td style=\"padding-left: 1rem;\"><b>Ergiebigkeit<\/b><\/td>\r\n            <td style=\"text-align: center;\">m\/kg<\/td>\r\n            <td style=\"text-align: center;\">9050<\/td>\r\n            <td style=\"text-align: center;\">4545<\/td>\r\n            <td style=\"text-align: center;\">3030<\/td>\r\n            <td style=\"text-align: center;\">4540<\/td>\r\n            <td style=\"text-align: center;\">3030<\/td>\r\n            <td style=\"text-align: center;\">5988<\/td>\r\n        <\/tr>\r\n        <tr>\r\n            <td style=\"padding-left: 1rem;\"><b>Reisskraft<\/b><\/td>\r\n            <td style=\"text-align: center;\">N<\/td>\r\n            <td style=\"text-align: center;\">70<\/td>\r\n            <td style=\"text-align: center;\">140<\/td>\r\n            <td style=\"text-align: center;\">180<\/td>\r\n            <td style=\"text-align: center;\">150<\/td>\r\n            <td style=\"text-align: center;\">200<\/td>\r\n            <td style=\"text-align: center;\">100<\/td>\r\n        <\/tr>\r\n        <tr>\r\n            <td style=\"padding-left: 1rem;\"><b>Bruchdehnung<\/b><\/td>\r\n            <td style=\"text-align: center;\">%<\/td>\r\n            <td style=\"text-align: center;\">10<\/td>\r\n            <td style=\"text-align: center;\">10<\/td>\r\n            <td style=\"text-align: center;\">10<\/td>\r\n            <td style=\"text-align: center;\">11<\/td>\r\n            <td style=\"text-align: center;\">11<\/td>\r\n            <td style=\"text-align: center;\">10<\/td>\r\n        <\/tr>\r\n    <\/tbody>\r\n<\/table>\r\n<\/div>\r\n<i>*Testmethode ASTM D 885 \/ \"s\"- oder \"z\" Drehung<\/i>\t\t<\/div>\n\t\t\t\t<\/div>\n\t\t\t\t<div class=\"elementor-element elementor-element-d56c018 elementor-widget elementor-widget-html\" data-id=\"d56c018\" data-element_type=\"widget\" data-widget_type=\"html.default\">\n\t\t\t\t<div class=\"elementor-widget-container\">\n\t\t\t<style>\r\n    table{\r\n        border: none;\r\n    }\r\n\r\n    table#specs tbody>tr:nth-child(odd){\r\n        background-color: #ffffff;\r\n        \r\n    }\r\n\r\n    table#specs tbody>tr:nth-child(even){\r\n        background-color: #ECEDED;\r\n    }\r\n<\/style>\r\n<h3 style=\"margin: 0px 0px 0px 0px; padding-left: 1rem; background-color: #C3AE00; color: white;\">Aramid-Reissfaden (technische Daten)<\/h3>\r\n<div style=\"overflow-x: auto\">\r\n<table id=\"specs\" cellspacing=\"0\" cellpadding=\"2\" style=\"margin: 0px\">\r\n    <thead style=\"background-color: #FAF8EA;\">\r\n        <th style=\"text-align: center;\"><\/th>\r\n        <th style=\"text-align: center;\">Einheit<\/th>\r\n        <th style=\"text-align: center;\">1680 Z 90 <br>(1-sch\u00e4ftig)<\/th>\r\n        <th style=\"text-align: center;\">3360 Z 75 <br>(2-sch\u00e4ftig)<\/th>\r\n        <th style=\"text-align: center;\">1680\/1 Z 240\/3 S 160 <br>(3-sch\u00e4ftig)<\/th>\r\n        <th style=\"text-align: center;\">1680\/1 Z 150\/3 S 160 <br>(3-sch\u00e4ftig)<\/th>\r\n    <\/thead>\r\n    <tbody>\r\n        <tr>\r\n            <td style=\"padding-left: 1rem;\"><b>Feinheit<\/b><\/td>\r\n            <td style=\"text-align: center;\">dtex<\/td>\r\n            <td style=\"text-align: center;\">1680<\/td>\r\n            <td style=\"text-align: center;\">3360<\/td>\r\n            <td style=\"text-align: center;\">5500<\/td>\r\n            <td style=\"text-align: center;\">5050<\/td>\r\n        <\/tr>\r\n        <tr>\r\n            <td style=\"padding-left: 1rem;\"><b>Metergewicht<\/b><\/td>\r\n            <td style=\"text-align: center;\">g\/m<\/td>\r\n            <td style=\"text-align: center;\">0,180<\/td>\r\n            <td style=\"text-align: center;\">0,350<\/td>\r\n            <td style=\"text-align: center;\">0,55<\/td>\r\n            <td style=\"text-align: center;\">0,50<\/td>\r\n        <\/tr>\r\n        <tr>\r\n            <td style=\"padding-left: 1rem;\"><b>Durchmesser<\/b><\/td>\r\n            <td style=\"text-align: center;\">mm<\/td>\r\n            <td style=\"text-align: center;\">0,4<\/td>\r\n            <td style=\"text-align: center;\">0,6<\/td>\r\n            <td style=\"text-align: center;\">0,8<\/td>\r\n            <td style=\"text-align: center;\">0,8<\/td>\r\n        <\/tr>\r\n        <tr>\r\n            <td style=\"padding-left: 1rem;\"><b>Reisskraft<\/b><\/td>\r\n            <td style=\"text-align: center;\">N<\/td>\r\n            <td style=\"text-align: center;\">> 300<\/td>\r\n            <td style=\"text-align: center;\">> 575<\/td>\r\n            <td style=\"text-align: center;\">> 800<\/td>\r\n            <td style=\"text-align: center;\">> 880<\/td>\r\n        <\/tr>\r\n        <tr>\r\n            <td style=\"padding-left: 1rem;\"><b>Bruchdehnung<\/b><\/td>\r\n            <td style=\"text-align: center;\">%<\/td>\r\n            <td style=\"text-align: center;\">2,0 - 4,4<\/td>\r\n            <td style=\"text-align: center;\">2,0 - 4,4<\/td>\r\n            <td style=\"text-align: center;\">2,8 - 5,5<\/td>\r\n            <td style=\"text-align: center;\">2,8 - 5,5<\/td>\r\n        <\/tr>\r\n    <\/tbody>\r\n<\/table>\r\n<\/div>\r\n<i>*Testmethode ASTM D 885 \/ Toleranz \u00b1 7 %<\/i>\t\t<\/div>\n\t\t\t\t<\/div>\n\t\t<div class=\"elementor-element elementor-element-a7f81e6 e-con-full e-flex e-con e-child\" data-id=\"a7f81e6\" data-element_type=\"container\">\n\t\t\t\t<div class=\"elementor-element elementor-element-1192273 elementor-widget elementor-widget-html\" data-id=\"1192273\" data-element_type=\"widget\" data-widget_type=\"html.default\">\n\t\t\t\t<div class=\"elementor-widget-container\">\n\t\t\t<style>\r\n    table{\r\n        border: none;\r\n        overflow-x: scroll;\r\n    }\r\n    \r\n    tbody{\r\n        overflow-x: scroll\r\n    }\r\n\r\n    tbody>tr{\r\n        background-color: #ffffff;\r\n        \r\n    }\r\n\r\n<\/style>\r\n<h3 style=\"margin: 0px 0px 0px 0px; padding-left: 1rem; background-color: #C3AE00; color: white;\">Standard Spulen- und H\u00fclsenspezifikation<\/h3>\r\n<table cellspacing=\"0\" cellpadding=\"2\" style=\"margin: 0px\">\r\n    <tbody>\r\n        <tr>\r\n            <td style=\"padding-left: 1rem; width: 70px;\">\r\n                <img decoding=\"async\" src=\"https:\/\/www.max-suess.de\/wp-content\/uploads\/2024\/11\/zylindrisch.png\" alt=\"\" width=\"48px\" height=\"48px\">\r\n            <\/td>\r\n            <td style=\"text-align: center;\">zylindrisch<\/td>\r\n            <td style=\"text-align: center;\">2-8 kg<\/td>\r\n            <td style=\"text-align: center;\">ID 94 mm \/ 127 mm<\/td>\r\n            <td style=\"text-align: center;\">L 216 mm \/ 290 mm<\/td>\r\n        <\/tr>\r\n        <tr>\r\n            <td style=\"padding-left: 1rem; width: 70px;\">\r\n                                <img decoding=\"async\" src=\"https:\/\/www.max-suess.de\/wp-content\/uploads\/2024\/11\/konisch.png\" alt=\"\" width=\"48px\" height=\"48px\">\r\n            <\/td>\r\n            <td style=\"text-align: center;\">konisch<\/td>\r\n            <td style=\"text-align: center;\">2-5 kg<\/td>\r\n            <td style=\"text-align: center;\">10\u20333\u00b0 30\u2032 - 8\u20333\u00b0 30\u2032<\/td>\r\n            <td style=\"text-align: center;\">weitere auf Anfrage<\/td>\r\n        <\/tr>\r\n    <\/tbody>\r\n<\/table>\r\n\t\t<\/div>\n\t\t\t\t<\/div>\n\t\t\t\t<\/div>\n\t\t\t\t<\/div>\n\t\t\t\t<\/div>\n\t\t\t\t\t<\/div>\n\t\t\t\t<\/div>\n\t\t\t\t<\/div>\n\t\t","protected":false},"excerpt":{"rendered":"<p>Multifillamentgarne aus hochfestem Polyester, Polyamid oder Aramid zum Aufrei\u00dfen des Kabelmantels<\/p>\n","protected":false},"author":3,"featured_media":3115,"parent":54,"menu_order":6,"comment_status":"closed","ping_status":"closed","template":"page-templates\/template-portfolio.php","meta":{"footnotes":""},"class_list":["post-2795","page","type-page","status-publish","has-post-thumbnail","hentry"],"aioseo_notices":[],"_links":{"self":[{"href":"https:\/\/www.max-suess.de\/de\/wp-json\/wp\/v2\/pages\/2795"}],"collection":[{"href":"https:\/\/www.max-suess.de\/de\/wp-json\/wp\/v2\/pages"}],"about":[{"href":"https:\/\/www.max-suess.de\/de\/wp-json\/wp\/v2\/types\/page"}],"author":[{"embeddable":true,"href":"https:\/\/www.max-suess.de\/de\/wp-json\/wp\/v2\/users\/3"}],"replies":[{"embeddable":true,"href":"https:\/\/www.max-suess.de\/de\/wp-json\/wp\/v2\/comments?post=2795"}],"version-history":[{"count":10,"href":"https:\/\/www.max-suess.de\/de\/wp-json\/wp\/v2\/pages\/2795\/revisions"}],"predecessor-version":[{"id":3403,"href":"https:\/\/www.max-suess.de\/de\/wp-json\/wp\/v2\/pages\/2795\/revisions\/3403"}],"up":[{"embeddable":true,"href":"https:\/\/www.max-suess.de\/de\/wp-json\/wp\/v2\/pages\/54"}],"wp:featuredmedia":[{"embeddable":true,"href":"https:\/\/www.max-suess.de\/de\/wp-json\/wp\/v2\/media\/3115"}],"wp:attachment":[{"href":"https:\/\/www.max-suess.de\/de\/wp-json\/wp\/v2\/media?parent=2795"}],"curies":[{"name":"wp","href":"https:\/\/api.w.org\/{rel}","templated":true}]}}