{"id":2781,"date":"2024-11-04T11:35:49","date_gmt":"2024-11-04T10:35:49","guid":{"rendered":"https:\/\/www.max-suess.de\/?page_id=2781"},"modified":"2024-11-13T13:52:06","modified_gmt":"2024-11-13T12:52:06","slug":"baumwoll-fueller","status":"publish","type":"page","link":"https:\/\/www.max-suess.de\/de\/produkte\/baumwoll-fueller\/","title":{"rendered":"Baumwoll-F\u00fcller"},"content":{"rendered":"\t\t<div data-elementor-type=\"wp-page\" data-elementor-id=\"2781\" class=\"elementor elementor-2781\">\n\t\t\t\t<div class=\"elementor-element elementor-element-a558f0a e-flex e-con-boxed e-con e-parent\" data-id=\"a558f0a\" data-element_type=\"container\">\n\t\t\t\t\t<div class=\"e-con-inner\">\n\t\t\t\t<div class=\"elementor-element elementor-element-07a07a5 elementor-widget elementor-widget-heading\" data-id=\"07a07a5\" data-element_type=\"widget\" data-widget_type=\"heading.default\">\n\t\t\t\t<div class=\"elementor-widget-container\">\n\t\t\t<h2 class=\"elementor-heading-title elementor-size-default\">Baumwollgarn\u202f - Hochtemperaturbest\u00e4ndige <br>L\u00f6sungen f\u00fcr Ihre Bed\u00fcrfnisse<\/h2>\t\t<\/div>\n\t\t\t\t<\/div>\n\t\t\t\t\t<\/div>\n\t\t\t\t<\/div>\n\t\t<div class=\"elementor-element elementor-element-c01d99c e-flex e-con-boxed e-con e-parent\" data-id=\"c01d99c\" data-element_type=\"container\">\n\t\t\t\t\t<div class=\"e-con-inner\">\n\t\t<div class=\"elementor-element elementor-element-67a2bc2 e-con-full e-flex e-con e-child\" data-id=\"67a2bc2\" data-element_type=\"container\">\n\t\t\t\t<div class=\"elementor-element elementor-element-a5c71b4 elementor-widget__width-initial elementor-widget elementor-widget-text-editor\" data-id=\"a5c71b4\" data-element_type=\"widget\" data-widget_type=\"text-editor.default\">\n\t\t\t\t<div class=\"elementor-widget-container\">\n\t\t\t\t\t\t\t<p>Willkommen in unserer Produktkategorie f\u00fcr Baumwollgarn! Hier finden Sie eine breite\u00a0 Auswahl an hochtemperaturbest\u00e4ndigen Kabelf\u00fcllern aus Baumwolle und Baumwollmischgarn, die speziell f\u00fcr anspruchsvolle Anwendungen entwickelt wurden.<\/p><p>Unser Sortiment umfasst sowohl 100% Baumwolle als auch BW-Mischgarn (85\/15). Wir bieten gezwirnte Garne mit einem Durchmesser von 0,6 bis 0,8 mm sowie mehrsch\u00e4ftige Seile mit einem Durchmesser von 1,5 mm bis 14,00 mm an. Diese Produkte zeichnen sich durch ihre hohe Temperaturbest\u00e4ndigkeit aus und sind ideal f\u00fcr Anwendungen, bei denen herk\u00f6mmliche Garne nicht ausreichen.<\/p><p>Die Lieferung erfolgt auf Kreuzwickeln und Kabeltrommeln mit einer hohen Laufl\u00e4nge. Unsere Garne sind knotenfrei und zeichnen sich durch eine anwendungsspezifische Garnkonstruktion aus, die Ihnen eine einfache Handhabung und optimale Leistung garantiert.<\/p>\t\t\t\t\t\t<\/div>\n\t\t\t\t<\/div>\n\t\t\t\t<div class=\"elementor-element elementor-element-a16ec68 elementor-widget elementor-widget-image\" data-id=\"a16ec68\" data-element_type=\"widget\" data-widget_type=\"image.default\">\n\t\t\t\t<div class=\"elementor-widget-container\">\n\t\t\t\t\t\t\t\t\t\t\t\t\t<img fetchpriority=\"high\" decoding=\"async\" width=\"783\" height=\"567\" src=\"https:\/\/www.max-suess.de\/wp-content\/uploads\/2024\/11\/3-1-1024x741.webp\" class=\"attachment-large size-large wp-image-3141\" alt=\"\" srcset=\"https:\/\/www.max-suess.de\/wp-content\/uploads\/2024\/11\/3-1-1024x741.webp 1024w, https:\/\/www.max-suess.de\/wp-content\/uploads\/2024\/11\/3-1-300x217.webp 300w, https:\/\/www.max-suess.de\/wp-content\/uploads\/2024\/11\/3-1-768x556.webp 768w, https:\/\/www.max-suess.de\/wp-content\/uploads\/2024\/11\/3-1.webp 1052w\" sizes=\"(max-width: 783px) 100vw, 783px\" \/>\t\t\t\t\t\t\t\t\t\t\t\t\t<\/div>\n\t\t\t\t<\/div>\n\t\t\t\t<\/div>\n\t\t\t\t\t<\/div>\n\t\t\t\t<\/div>\n\t\t<div class=\"elementor-element elementor-element-0d92529 e-flex e-con-boxed e-con e-parent\" data-id=\"0d92529\" data-element_type=\"container\">\n\t\t\t\t\t<div class=\"e-con-inner\">\n\t\t\t\t<div class=\"elementor-element elementor-element-58b5b29 elementor-widget elementor-widget-html\" data-id=\"58b5b29\" data-element_type=\"widget\" data-widget_type=\"html.default\">\n\t\t\t\t<div class=\"elementor-widget-container\">\n\t\t\t<style>\r\n    table{\r\n        border: none;\r\n    }\r\n\r\n    table#specs tbody>tr:nth-child(odd){\r\n        background-color: #ffffff;\r\n        \r\n    }\r\n\r\n    table#specs tbody>tr:nth-child(even){\r\n        background-color: #ECEDED;\r\n    }\r\n<\/style>\r\n<h3 style=\"margin: 0px 0px 0px 0px; padding-left: 1rem; background-color: #C3AE00; color: white;\">BW-Garn (technische Daten\/Bespieldurchmesser)*<\/h3>\r\n<div style=\"overflow-x: auto\">\r\n<table id=\"specs\" cellspacing=\"0\" cellpadding=\"2\" style=\"margin: 0px\">\r\n    <thead style=\"background-color: #FAF8EA;\">\r\n        <th style=\"text-align: center;\"><\/th>\r\n        <th style=\"text-align: center;\">Einheit<\/th>\r\n        <th style=\"text-align: center;\">0,6 mm (Garn)<\/th>\r\n        <th style=\"text-align: center;\">1,0 mm (Garn)<\/th>\r\n        <th style=\"text-align: center;\">3,0 mm (Garn)<\/th>\r\n        <th style=\"text-align: center;\">6,0 mm (Garn)<\/th>\r\n        <th style=\"text-align: center;\">3,0 mm (Seil)<\/th>\r\n        <th style=\"text-align: center;\">5,5 mm (Seil)<\/th>\r\n    <\/thead>\r\n    <tbody>\r\n        <tr>\r\n            <td style=\"padding-left: 1rem;\"><b>Metergewicht<\/b><\/td>\r\n            <td style=\"text-align: center;\">g\/m<\/td>\r\n            <td style=\"text-align: center;\">0,2<\/td>\r\n            <td style=\"text-align: center;\">0,4<\/td>\r\n            <td style=\"text-align: center;\">4,0<\/td>\r\n            <td style=\"text-align: center;\">7,0<\/td>\r\n            <td style=\"text-align: center;\">4,1<\/td>\r\n            <td style=\"text-align: center;\">7,4<\/td>\r\n        <\/tr>\r\n        <tr>\r\n            <td style=\"padding-left: 1rem;\"><b>Laufl\u00e4nge<\/b><\/td>\r\n            <td style=\"text-align: center;\">m\/kg<\/td>\r\n            <td style=\"text-align: center;\">5000<\/td>\r\n            <td style=\"text-align: center;\">2500<\/td>\r\n            <td style=\"text-align: center;\">250<\/td>\r\n            <td style=\"text-align: center;\">142<\/td>\r\n            <td style=\"text-align: center;\">243<\/td>\r\n            <td style=\"text-align: center;\">135<\/td>\r\n        <\/tr>\r\n        <tr>\r\n            <td style=\"padding-left: 1rem;\"><b>Reisskraft<\/b><\/td>\r\n            <td style=\"text-align: center;\">N<\/td>\r\n            <td style=\"text-align: center;\">23<\/td>\r\n            <td style=\"text-align: center;\">30<\/td>\r\n            <td style=\"text-align: center;\">400<\/td>\r\n            <td style=\"text-align: center;\">650<\/td>\r\n            <td style=\"text-align: center;\">477<\/td>\r\n            <td style=\"text-align: center;\">680<\/td>\r\n        <\/tr>\r\n        <tr>\r\n            <td style=\"padding-left: 1rem;\"><b>Bruchdehnung<\/b><\/td>\r\n            <td style=\"text-align: center;\">%<\/td>\r\n            <td style=\"text-align: center;\">8<\/td>\r\n            <td style=\"text-align: center;\">10<\/td>\r\n            <td style=\"text-align: center;\">13<\/td>\r\n            <td style=\"text-align: center;\">14<\/td>\r\n            <td style=\"text-align: center;\">15<\/td>\r\n            <td style=\"text-align: center;\">15<\/td>\r\n        <\/tr>\r\n    <\/tbody>\r\n<\/table>\r\n<\/div>\r\n<i>*\"s\"- oder \"z\" Drehung<\/i>\t\t<\/div>\n\t\t\t\t<\/div>\n\t\t<div class=\"elementor-element elementor-element-2dca46a e-con-full e-flex e-con e-child\" data-id=\"2dca46a\" data-element_type=\"container\">\n\t\t\t\t<div class=\"elementor-element elementor-element-9856cd6 elementor-widget elementor-widget-html\" data-id=\"9856cd6\" data-element_type=\"widget\" data-widget_type=\"html.default\">\n\t\t\t\t<div class=\"elementor-widget-container\">\n\t\t\t<style>\r\n    table{\r\n        border: none;\r\n    }\r\n\r\n    tbody>tr{\r\n        background-color: #ffffff;\r\n        \r\n    }\r\n\r\n<\/style>\r\n<h3 style=\"margin: 0px 0px 0px 0px; padding-left: 1rem; background-color: #C3AE00; color: white;\">Standard Spulen- und H\u00fclsenspezifikation<\/h3>\r\n<table cellspacing=\"0\" cellpadding=\"2\" style=\"margin: 0px\">\r\n    <tbody>\r\n        <tr>\r\n            <td style=\"padding-left: 1rem; width: 70px;\">\r\n                <img decoding=\"async\" src=\"https:\/\/www.max-suess.de\/wp-content\/uploads\/2024\/11\/zylindrisch.png\" alt=\"\" width=\"48px\" height=\"48px\">\r\n            <\/td>\r\n            <td style=\"text-align: center;\">zylindrisch<\/td>\r\n            <td style=\"text-align: center;\">4-20 kg<\/td>\r\n            <td style=\"text-align: center;\">ID 29 mm - 90 mm<\/td>\r\n            <td style=\"text-align: center;\">L 260 mm - 405 mm<\/td>\r\n        <\/tr>\r\n        <tr>\r\n            <td style=\"padding-left: 1rem; width: 70px;\">\r\n                                <img decoding=\"async\" src=\"https:\/\/www.max-suess.de\/wp-content\/uploads\/2024\/11\/konisch.png\" alt=\"\" width=\"48px\" height=\"48px\">\r\n            <\/td>\r\n            <td style=\"text-align: center;\">konisch<\/td>\r\n            <td style=\"text-align: center;\">3-13 kg<\/td>\r\n            <td style=\"text-align: center;\">10\u20333\u00b0 30\u2032 - 8\u20333\u00b0 30\u2032<\/td>\r\n            <td style=\"text-align: center;\">weitere auf Anfrage<\/td>\r\n        <\/tr>\r\n        <tr>\r\n            <td style=\"padding-left: 1rem; width: 70px;\">\r\n                                                <img decoding=\"async\" src=\"https:\/\/www.max-suess.de\/wp-content\/uploads\/2024\/11\/trommel.png\" alt=\"\" width=\"48px\" height=\"48px\">\r\n\r\n            <\/td>\r\n            <td style=\"text-align: center;\">Trommel<\/td>\r\n            <td style=\"text-align: center;\">25 - 120 kg<\/td>\r\n            <td style=\"text-align: center;\">diverse Trommelabmessungen<\/td>\r\n            <td style=\"text-align: center;\"><\/td>\r\n        <\/tr>\r\n\r\n    <\/tbody>\r\n<\/table>\r\n\t\t<\/div>\n\t\t\t\t<\/div>\n\t\t\t\t<\/div>\n\t\t\t\t\t<\/div>\n\t\t\t\t<\/div>\n\t\t\t\t<\/div>\n\t\t","protected":false},"excerpt":{"rendered":"<p>Temperaturbest\u00e4ndige F\u00fcllgarne aus recycelter Baumwolle, \u00f6kologische F\u00fcllung f\u00fcr Geb\u00e4ude- und einfache Energiekabel<\/p>\n","protected":false},"author":3,"featured_media":3205,"parent":54,"menu_order":4,"comment_status":"closed","ping_status":"closed","template":"page-templates\/template-portfolio.php","meta":{"footnotes":""},"class_list":["post-2781","page","type-page","status-publish","has-post-thumbnail","hentry"],"aioseo_notices":[],"_links":{"self":[{"href":"https:\/\/www.max-suess.de\/de\/wp-json\/wp\/v2\/pages\/2781"}],"collection":[{"href":"https:\/\/www.max-suess.de\/de\/wp-json\/wp\/v2\/pages"}],"about":[{"href":"https:\/\/www.max-suess.de\/de\/wp-json\/wp\/v2\/types\/page"}],"author":[{"embeddable":true,"href":"https:\/\/www.max-suess.de\/de\/wp-json\/wp\/v2\/users\/3"}],"replies":[{"embeddable":true,"href":"https:\/\/www.max-suess.de\/de\/wp-json\/wp\/v2\/comments?post=2781"}],"version-history":[{"count":9,"href":"https:\/\/www.max-suess.de\/de\/wp-json\/wp\/v2\/pages\/2781\/revisions"}],"predecessor-version":[{"id":3202,"href":"https:\/\/www.max-suess.de\/de\/wp-json\/wp\/v2\/pages\/2781\/revisions\/3202"}],"up":[{"embeddable":true,"href":"https:\/\/www.max-suess.de\/de\/wp-json\/wp\/v2\/pages\/54"}],"wp:featuredmedia":[{"embeddable":true,"href":"https:\/\/www.max-suess.de\/de\/wp-json\/wp\/v2\/media\/3205"}],"wp:attachment":[{"href":"https:\/\/www.max-suess.de\/de\/wp-json\/wp\/v2\/media?parent=2781"}],"curies":[{"name":"wp","href":"https:\/\/api.w.org\/{rel}","templated":true}]}}