{"id":1762,"date":"2015-04-03T22:07:00","date_gmt":"2015-04-03T22:07:00","guid":{"rendered":"http:\/\/cable-materials.com\/?page_id=1762"},"modified":"2017-12-07T09:55:18","modified_gmt":"2017-12-07T08:55:18","slug":"unsere-lieferanten","status":"publish","type":"page","link":"https:\/\/www.max-suess.de\/de\/unsere-lieferanten\/","title":{"rendered":"Unsere Hersteller"},"content":{"rendered":"<p><span style=\"color: #cbc77b;\"><strong>BESEL &#8211; aus der T\u00fcrkei<a href=\"http:\/\/siv.madomatix.de\/wp-content\/uploads\/2015\/03\/Besel-logo-e1427444662919.jpg\"><img decoding=\"async\" class=\" size-full wp-image-1623 alignright\" src=\"http:\/\/siv.madomatix.de\/wp-content\/uploads\/2015\/03\/Besel-logo-e1427444662919.jpg\" alt=\"Besel-logo\" width=\"108\" height=\"100\" \/><\/a><\/strong><\/span><\/p>\n<p>BESEL ist der f\u00fchrende Hersteller und Veredler von flexiblen Materialien f\u00fcr technische Anwendungen in der T\u00fcrkei.<br \/>\nGegr\u00fcndet 1975, sind Folien und B\u00e4nder f\u00fcr die Kabelindustrie, neben Verpackungsfolien, zum wichtigsten Gesch\u00e4ftsbereichgeworden.<\/p>\n<p>Im Werk Corlu werden monatlich etwa 800 t Folien kaschiert, geschnitten und gespult.<\/p>\n<p><span style=\"color: #ffffff;\">.<\/span><\/p>\n<p><span style=\"color: #ffffff;\">.<\/span><\/p>\n<p style=\"text-align: left;\"><span style=\"color: #ffffff;\">.<\/span><span style=\"color: #cbc77b;\"><strong>SNEHAM &#8211; aus Indien<a href=\"http:\/\/siv.madomatix.de\/wp-content\/uploads\/2015\/04\/Sneham-International.jpg\"><img decoding=\"async\" class=\"  alignright wp-image-2299 size-full\" src=\"http:\/\/siv.madomatix.de\/wp-content\/uploads\/2015\/04\/Sneham-International-e1476183248777.jpg\" alt=\"Sneham-International\" width=\"108\" height=\"166\" \/><\/a><\/strong><\/span><\/p>\n<p style=\"text-align: left;\">SNEHAM International ist f\u00fchrender Hersteller von hochwertigen gewebten B\u00e4ndern und Vliesb\u00e4ndern, f\u00fcr den Einsatz als Schutz,<br \/>\nals Isolierung oder f\u00fcr andere konstruktive Zwecke in Energiekabeln (Mittel- bis H\u00f6chstspannungskabeln).<\/p>\n<p>SNEHAM produziert an 5 Produktionsst\u00e4tten in Inden &#8211; alles aus einer Hand.<\/p>\n<p><span style=\"color: #ffffff;\">.<\/span><\/p>\n<p><span style=\"color: #ffffff;\">.<\/span><\/p>\n<p><strong><span style=\"color: #cbc77b;\">HOFTEX Max S\u00fc\u00df GmbG &#8211; aus Deutschland<a href=\"http:\/\/siv.madomatix.de\/wp-content\/uploads\/2015\/03\/Hoftex-logo-e1427444693867.jpg\"><img decoding=\"async\" class=\" size-full wp-image-1625 alignright\" src=\"http:\/\/siv.madomatix.de\/wp-content\/uploads\/2015\/03\/Hoftex-logo-e1427444693867.jpg\" alt=\"Hoftex-logo\" width=\"175\" height=\"90\" \/><\/a><\/span><\/strong><\/p>\n<p>Seit dem Gr\u00fcndungsjahr 1863 wurden \u00fcber viele Jahre Borden, B\u00e4nder und Litzen, also Posamente, hergestellt.<br \/>\nDer Schwerpunkt heute liegt bei technischen Zwirnen f\u00fcr die Anwendung in Kabeln als F\u00fcller, Rei\u00dffaden oder Bindegarn.<br \/>\nDie St\u00e4rken liegen im Bereich PP-Garne, Baumwoll- und Polyestergarne.<\/p>\n<p><span style=\"color: #ffffff;\">.<\/span><\/p>\n<p><span style=\"color: #ffffff;\">..<\/span><\/p>\n<p><span style=\"color: #ffffff;\">.<\/span><\/p>\n<p><span style=\"color: #cbc77b;\"><strong>\u00a0VICOM &#8211; aus Spanien<a href=\"http:\/\/siv.madomatix.de\/wp-content\/uploads\/2015\/03\/Vicom-logo-e1427444680273.jpg\"><img loading=\"lazy\" decoding=\"async\" class=\"  alignright wp-image-1628 size-full\" src=\"http:\/\/siv.madomatix.de\/wp-content\/uploads\/2015\/03\/Vicom-logo-e1427444680273.jpg\" alt=\"Vicom-logo\" width=\"230\" height=\"90\" \/><\/a><\/strong><\/span><\/p>\n<p>Unser spanischer Partner VICOM ist spezialisierter Hersteller von Compounds f\u00fcr die Kabel- und Draht-Industrie.<br \/>\nVICOM ist fokusiert auf die Verbesserung von Ferti gungsmethoden sowie die Entwicklung neuer Rezepte und die Lieferung qualitativ<br \/>\nhochwertiger und kosteneffekti ver Compounds.<br \/>\nVICOM verf\u00fcgt \u00fcber eine Kapazit\u00e4t von mehr als 25.000 t pro Jahr, um den wachsenden Bedarf an hochwerti gen Compounds f\u00fcr die Herstellung von Kabeln und Leitungen zu decken.<\/p>\n<p><span style=\"color: #ffffff;\">.<\/span><\/p>\n<p><span style=\"color: #ffffff;\">.<\/span><\/p>\n<p><strong><span style=\"color: #cbc77b;\">TAPEFORMERS &#8211; aus Gro\u00dfbritannien<a href=\"http:\/\/siv.madomatix.de\/wp-content\/uploads\/2015\/03\/Tapeformers-logo-e1427444829925.jpg\"><img loading=\"lazy\" decoding=\"async\" class=\" size-medium wp-image-1629 alignright\" src=\"http:\/\/siv.madomatix.de\/wp-content\/uploads\/2015\/03\/Tapeformers-logo-300x52.jpg\" alt=\"Tapeformers-logo\" width=\"300\" height=\"52\" \/><\/a><\/span><\/strong><\/p>\n<p>Tapeformers Ltd aus Leicester, England, hat sich auf die Herstellung von \u201eTapeformer\u201c konzentriert.<br \/>\nIn einer hochspezialisierten Werkstatt ferti gt man Werkzeuge zum Umlegen von Folien und B\u00e4ndern f\u00fcr die Abschirmung von Kabel.<\/p>\n<p><span style=\"color: #ffffff;\">.<\/span><\/p>\n<p><span style=\"color: #ffffff;\">.<\/span><\/p>\n<p><strong><span style=\"color: #cbc77b;\">COUSIN COMPOSITES &#8211; aus Frankreich<a href=\"http:\/\/siv.madomatix.de\/wp-content\/uploads\/2015\/03\/Cousin-logo.jpg\"><img loading=\"lazy\" decoding=\"async\" class=\"  wp-image-1624 alignright\" src=\"http:\/\/siv.madomatix.de\/wp-content\/uploads\/2015\/03\/Cousin-logo-300x128.jpg\" alt=\"Cousin-logo\" width=\"192\" height=\"82\" \/><\/a><\/span><\/strong><\/p>\n<p>COUSIN Composites, mit Sitz in Nordfrankreich, ist der gr\u00f6\u00dfte europ\u00e4ische Hersteller von GFK-Elementen.<br \/>\nZum Produktprogramm geh\u00f6ren ebenfalls St\u00fctzelemente aus Aramid.<\/p>\n<p>Des Weiteren fertigt man aufgedickte GFK-St\u00e4be, und St\u00e4be mit Stahl-Kern.<\/p>\n<p><span style=\"color: #ffffff;\">.<\/span><\/p>\n<p><span style=\"color: #ffffff;\">.<\/span><\/p>\n<p><strong><span style=\"color: #cbc77b;\">SAXA SYNTAPE &#8211; aus Deutschland<a href=\"http:\/\/siv.madomatix.de\/wp-content\/uploads\/2015\/03\/Saxa-logo-e1427444518447.jpg\"><img loading=\"lazy\" decoding=\"async\" class=\" size-full wp-image-1626 alignright\" src=\"http:\/\/siv.madomatix.de\/wp-content\/uploads\/2015\/03\/Saxa-logo-e1427444518447.jpg\" alt=\"Saxa-logo\" width=\"289\" height=\"45\" \/><\/a><\/span><\/strong><\/p>\n<p>Seit der Gr\u00fcndung und dem Produktionsbeginn 1993 ist das Unternehmen ein kompetenter, flexibler und kundenorientierter Anbieter von<br \/>\nhochwertigen B\u00e4ndchen und Splei\u00dfgarnen f\u00fcr die Anwendung in Geotextilien, Seilen, Gurten, Technischen Textilien und der Draht- &amp; Kabelindustrie.<br \/>\nLangj\u00e4hrige Erfahrung und hohes technisches Know-how sorgen heute und auch in Zukunft f\u00fcr die Entwicklung, Anpassung und Optimierung der Produktpalette an Ihre speziellen Bed\u00fcrfnisse, wie z.B. durch die Autoklavenbehandlung und das Avivieren.<\/p>\n<p><span style=\"color: #ffffff;\">.<\/span><\/p>\n<p><span style=\"color: #ffffff;\">.<\/span><\/p>","protected":false},"excerpt":{"rendered":"<p>BESEL &#8211; aus der T\u00fcrkei BESEL ist der f\u00fchrende Hersteller und Veredler von flexiblen Materialien f\u00fcr technische Anwendungen in der T\u00fcrkei. Gegr\u00fcndet 1975, sind Folien<\/p>\n","protected":false},"author":1,"featured_media":0,"parent":0,"menu_order":0,"comment_status":"closed","ping_status":"closed","template":"","meta":{"footnotes":""},"class_list":["post-1762","page","type-page","status-publish","hentry"],"aioseo_notices":[],"_links":{"self":[{"href":"https:\/\/www.max-suess.de\/de\/wp-json\/wp\/v2\/pages\/1762"}],"collection":[{"href":"https:\/\/www.max-suess.de\/de\/wp-json\/wp\/v2\/pages"}],"about":[{"href":"https:\/\/www.max-suess.de\/de\/wp-json\/wp\/v2\/types\/page"}],"author":[{"embeddable":true,"href":"https:\/\/www.max-suess.de\/de\/wp-json\/wp\/v2\/users\/1"}],"replies":[{"embeddable":true,"href":"https:\/\/www.max-suess.de\/de\/wp-json\/wp\/v2\/comments?post=1762"}],"version-history":[{"count":3,"href":"https:\/\/www.max-suess.de\/de\/wp-json\/wp\/v2\/pages\/1762\/revisions"}],"predecessor-version":[{"id":2341,"href":"https:\/\/www.max-suess.de\/de\/wp-json\/wp\/v2\/pages\/1762\/revisions\/2341"}],"wp:attachment":[{"href":"https:\/\/www.max-suess.de\/de\/wp-json\/wp\/v2\/media?parent=1762"}],"curies":[{"name":"wp","href":"https:\/\/api.w.org\/{rel}","templated":true}]}}